{"id":79061,"date":"2024-12-31T11:23:47","date_gmt":"2024-12-31T09:23:48","guid":{"rendered":"https:\/\/minorpostcards.fi\/?post_type=product&#038;p=79061"},"modified":"2026-02-03T22:53:02","modified_gmt":"2026-02-03T20:53:02","slug":"nuuksion-kansallispuisto-haukanholma","status":"publish","type":"product","link":"https:\/\/minorpostcards.fi\/fi\/tuote\/kortit\/nuuksion-kansallispuisto-haukanholma\/","title":{"rendered":"Nuuksion kansallispuisto Haukanholma"},"content":{"rendered":"<p>Vuonna 1994 perustettu Nuuksion kansallispuisto on Espoon, Kirkkonummen ja Vihdin alueella oleva kansallispuisto. Alue on vaikeakulkuista ja aikoinaan viljelykseen sopimatonta maastoa ja siksi l\u00e4hes asumaton vaikka sijaitsee vain n. 30 km Helsingist\u00e4. Kansallispuiston suo-, kallio- ja j\u00e4rvialueilla esiintyy lukuisia uhanalaisia tai silm\u00e4ll\u00e4pidett\u00e4vi\u00e4 el\u00e4in-, kasvi- ja sienilajeja kuten esim. kansallispuiston tunnusel\u00e4in liito-orava. Alueella on useita vaellusreittej\u00e4, vapaasti k\u00e4ytett\u00e4vi\u00e4 maksuttomia nuotio- ja leirint\u00e4paikkoja sek\u00e4 n\u00e4iden lis\u00e4ksi maksullisia retkeilij\u00f6iden palveluja. Nuuksioon p\u00e4\u00e4see helposti Helsingist\u00e4 julkisilla liikenneyhteyksill\u00e4.<\/p>\n<p>Haukanholma-kortin kuvassa n\u00e4kyy hyvin alueen haastava maasto. Vaellusreitin esteett\u00f6m\u00e4n osuuden vieress\u00e4 kohoaa mahtava kalliojyrk\u00e4nne, jollaista vaikeakulkuista aluetta on paljon kansallispuiston metsiss\u00e4.<\/p>\n","protected":false},"excerpt":{"rendered":"<p>Postikortti.<\/p>\n","protected":false},"featured_media":79096,"template":"","meta":[],"product_brand":[],"product_cat":[19],"product_tag":[333,149,332,115],"class_list":{"0":"post-79061","1":"product","2":"type-product","3":"status-publish","4":"has-post-thumbnail","6":"product_cat-kortit","7":"product_tag-kansallispuistot","8":"product_tag-kesa","9":"product_tag-suomalaiset-paikat-ja-alueet","10":"product_tag-suomi","11":"product_shipping_class-cards","13":"first","14":"instock","15":"taxable","16":"shipping-taxable","17":"purchasable","18":"product-type-simple"},"_links":{"self":[{"href":"https:\/\/minorpostcards.fi\/fi\/wp-json\/wp\/v2\/product\/79061","targetHints":{"allow":["GET"]}}],"collection":[{"href":"https:\/\/minorpostcards.fi\/fi\/wp-json\/wp\/v2\/product"}],"about":[{"href":"https:\/\/minorpostcards.fi\/fi\/wp-json\/wp\/v2\/types\/product"}],"wp:featuredmedia":[{"embeddable":true,"href":"https:\/\/minorpostcards.fi\/fi\/wp-json\/wp\/v2\/media\/79096"}],"wp:attachment":[{"href":"https:\/\/minorpostcards.fi\/fi\/wp-json\/wp\/v2\/media?parent=79061"}],"wp:term":[{"taxonomy":"product_brand","embeddable":true,"href":"https:\/\/minorpostcards.fi\/fi\/wp-json\/wp\/v2\/product_brand?post=79061"},{"taxonomy":"product_cat","embeddable":true,"href":"https:\/\/minorpostcards.fi\/fi\/wp-json\/wp\/v2\/product_cat?post=79061"},{"taxonomy":"product_tag","embeddable":true,"href":"https:\/\/minorpostcards.fi\/fi\/wp-json\/wp\/v2\/product_tag?post=79061"}],"curies":[{"name":"wp","href":"https:\/\/api.w.org\/{rel}","templated":true}]}}