{"id":79063,"date":"2024-03-05T11:28:40","date_gmt":"2024-03-05T09:28:40","guid":{"rendered":"https:\/\/minorpostcards.fi\/?post_type=product&#038;p=79063"},"modified":"2026-01-26T17:11:36","modified_gmt":"2026-01-26T15:11:36","slug":"elaimet-2-setti","status":"publish","type":"product","link":"https:\/\/minorpostcards.fi\/fi\/tuote\/kortit\/elaimet-2-setti\/","title":{"rendered":"El\u00e4imet 2 &#8211; setti"},"content":{"rendered":"<p>Tuotekuvaus tulee pian!<\/p>\n<p>N\u00e4m\u00e4 korttikuvat on tehty MidJourney AI -ohjelmalla, ja ne on tehnyt Minna Minor Postcardsilta. N\u00e4it\u00e4 kortteja myyd\u00e4\u00e4n vain viiden kappaleen settin\u00e4.<\/p>\n","protected":false},"excerpt":{"rendered":"<p>Viiden postikortin setti.<\/p>\n","protected":false},"featured_media":79089,"template":"","meta":[],"product_brand":[],"product_cat":[19],"product_tag":[136,132,120,310],"class_list":{"0":"post-79063","1":"product","2":"type-product","3":"status-publish","4":"has-post-thumbnail","6":"product_cat-kortit","7":"product_tag-digitaaliset-kuvat","8":"product_tag-elaimet","9":"product_tag-talvi","10":"product_tag-tuotepaketit","11":"product_shipping_class-cards","13":"first","14":"instock","15":"taxable","16":"shipping-taxable","17":"purchasable","18":"product-type-simple"},"_links":{"self":[{"href":"https:\/\/minorpostcards.fi\/fi\/wp-json\/wp\/v2\/product\/79063","targetHints":{"allow":["GET"]}}],"collection":[{"href":"https:\/\/minorpostcards.fi\/fi\/wp-json\/wp\/v2\/product"}],"about":[{"href":"https:\/\/minorpostcards.fi\/fi\/wp-json\/wp\/v2\/types\/product"}],"wp:featuredmedia":[{"embeddable":true,"href":"https:\/\/minorpostcards.fi\/fi\/wp-json\/wp\/v2\/media\/79089"}],"wp:attachment":[{"href":"https:\/\/minorpostcards.fi\/fi\/wp-json\/wp\/v2\/media?parent=79063"}],"wp:term":[{"taxonomy":"product_brand","embeddable":true,"href":"https:\/\/minorpostcards.fi\/fi\/wp-json\/wp\/v2\/product_brand?post=79063"},{"taxonomy":"product_cat","embeddable":true,"href":"https:\/\/minorpostcards.fi\/fi\/wp-json\/wp\/v2\/product_cat?post=79063"},{"taxonomy":"product_tag","embeddable":true,"href":"https:\/\/minorpostcards.fi\/fi\/wp-json\/wp\/v2\/product_tag?post=79063"}],"curies":[{"name":"wp","href":"https:\/\/api.w.org\/{rel}","templated":true}]}}