{"id":79065,"date":"2024-12-31T10:38:08","date_gmt":"2024-12-31T09:38:08","guid":{"rendered":"https:\/\/minorpostcards.fi\/?post_type=product&#038;p=79065"},"modified":"2026-02-13T11:43:49","modified_gmt":"2026-02-13T09:43:49","slug":"talvipainos-2025-setti","status":"publish","type":"product","link":"https:\/\/minorpostcards.fi\/fi\/tuote\/kortit\/talvipainos-2025-setti\/","title":{"rendered":"Talvipainos 2025 setti"},"content":{"rendered":"<p>Tilaa kerralla kaikki talven 2025 postikortit! 12 kortin setiss\u00e4 on seuraavat kortit kirjekuoressa:<\/p>\n<ul>\n<li><a href=\"https:\/\/minorpostcards.fi\/fi\/tuote\/kortit\/kaarmeen-vuosi-2025\/\" target=\"_blank\" rel=\"noopener\">K\u00e4\u00e4rmeen vuosi 2025<\/a><\/li>\n<li><a href=\"https:\/\/minorpostcards.fi\/fi\/tuote\/kortit\/suomikartta-lumihanki\/\" target=\"_blank\" rel=\"noopener\">Suomikartta: lumihanki<\/a><\/li>\n<li><a href=\"https:\/\/minorpostcards.fi\/fi\/tuote\/kortit\/suomikartta-talvimokki\/\" target=\"_blank\" rel=\"noopener\">Suomikartta: talvim\u00f6kki<\/a><\/li>\n<li><a href=\"https:\/\/minorpostcards.fi\/product\/all\/postcards\/nuuksio-national-park-haukanholma\/\" target=\"_blank\" rel=\"noopener\">Nuuksion kansallispuisto Haukanholma<\/a><\/li>\n<li><a href=\"https:\/\/minorpostcards.fi\/fi\/tuote\/kortit\/nuuksion-kansallispuisto-haukankierros\/\" target=\"_blank\" rel=\"noopener\">Nuuksion kansallispuisto Haukankierros<\/a><\/li>\n<li><a href=\"https:\/\/minorpostcards.fi\/fi\/tuote\/kortit\/nuuksion-kansallispuisto-mustalampi\/\" target=\"_blank\" rel=\"noopener\">Nuuksion kansallispuisto Mustalampi<\/a><\/li>\n<li><a href=\"https:\/\/minorpostcards.fi\/fi\/tuote\/kortit\/mikkelin-naisvuori-kartalla\/\" target=\"_blank\" rel=\"noopener\">Mikkelin Naisvuori kartalla<\/a><\/li>\n<li><a href=\"https:\/\/minorpostcards.fi\/fi\/tuote\/kortit\/elaimet-2-setti\/\" target=\"_blank\" rel=\"noopener\">El\u00e4imet 2 \u2013 setti<\/a><\/li>\n<\/ul>\n<p>Jokainen kortti ja El\u00e4imet 2 &#8211; setti on myynniss\u00e4 my\u00f6s erikseen, mutta paketissa saat ne edullisemmin. Paketissa yhden kortin hinta on vain yhden euron!<\/p>\n","protected":false},"excerpt":{"rendered":"<p>12 postikortin setti kirjekuoressa.<\/p>\n","protected":false},"featured_media":79087,"template":"","meta":[],"product_brand":[],"product_cat":[19],"product_tag":[305,310],"class_list":{"0":"post-79065","1":"product","2":"type-product","3":"status-publish","4":"has-post-thumbnail","6":"product_cat-kortit","7":"product_tag-sekalaiset","8":"product_tag-tuotepaketit","9":"product_shipping_class-cards","11":"first","12":"instock","13":"taxable","14":"shipping-taxable","15":"purchasable","16":"product-type-simple"},"_links":{"self":[{"href":"https:\/\/minorpostcards.fi\/fi\/wp-json\/wp\/v2\/product\/79065","targetHints":{"allow":["GET"]}}],"collection":[{"href":"https:\/\/minorpostcards.fi\/fi\/wp-json\/wp\/v2\/product"}],"about":[{"href":"https:\/\/minorpostcards.fi\/fi\/wp-json\/wp\/v2\/types\/product"}],"wp:featuredmedia":[{"embeddable":true,"href":"https:\/\/minorpostcards.fi\/fi\/wp-json\/wp\/v2\/media\/79087"}],"wp:attachment":[{"href":"https:\/\/minorpostcards.fi\/fi\/wp-json\/wp\/v2\/media?parent=79065"}],"wp:term":[{"taxonomy":"product_brand","embeddable":true,"href":"https:\/\/minorpostcards.fi\/fi\/wp-json\/wp\/v2\/product_brand?post=79065"},{"taxonomy":"product_cat","embeddable":true,"href":"https:\/\/minorpostcards.fi\/fi\/wp-json\/wp\/v2\/product_cat?post=79065"},{"taxonomy":"product_tag","embeddable":true,"href":"https:\/\/minorpostcards.fi\/fi\/wp-json\/wp\/v2\/product_tag?post=79065"}],"curies":[{"name":"wp","href":"https:\/\/api.w.org\/{rel}","templated":true}]}}