{"id":79067,"date":"2024-03-05T11:45:45","date_gmt":"2024-12-31T09:45:46","guid":{"rendered":"https:\/\/minorpostcards.fi\/?post_type=product&#038;p=79067"},"modified":"2026-04-20T14:29:02","modified_gmt":"2026-04-20T11:29:02","slug":"suomikartta-lumihanki","status":"publish","type":"product","link":"https:\/\/minorpostcards.fi\/fi\/tuote\/kortit\/suomikartta-lumihanki\/","title":{"rendered":"Suomikartta: lumihanki"},"content":{"rendered":"<p>T\u00e4m\u00e4n Suomen karttasarjan kortin taustakuvana on helmikuinen lumihanki. Talvisessa auringon paisteessa tuulen tekem\u00e4t pienet lumikinokset erottuvat kauniisti ja lumihangen pinta t\u00e4yttyy valon ja varjon vaihtelusta.<\/p>\n<p>Valokuva on otettu helmikuussa 2017\u00a0 \u201dSuurenaukeansuo \u2013 Isosuo \u2013 Pohjalampi\u201d \u2013 Natura 2000 alueen vierest\u00e4 ja sen on ottanut Minna Minorilta.<\/p>\n","protected":false},"excerpt":{"rendered":"<p>Postikortti.<\/p>\n","protected":false},"featured_media":79077,"template":"","meta":[],"product_brand":[],"product_cat":[19],"product_tag":[130,115,120],"class_list":{"0":"post-79067","1":"product","2":"type-product","3":"status-publish","4":"has-post-thumbnail","6":"product_cat-kortit","7":"product_tag-kartat","8":"product_tag-suomi","9":"product_tag-talvi","10":"product_shipping_class-cards","12":"first","13":"instock","14":"taxable","15":"shipping-taxable","16":"purchasable","17":"product-type-simple"},"_links":{"self":[{"href":"https:\/\/minorpostcards.fi\/fi\/wp-json\/wp\/v2\/product\/79067","targetHints":{"allow":["GET"]}}],"collection":[{"href":"https:\/\/minorpostcards.fi\/fi\/wp-json\/wp\/v2\/product"}],"about":[{"href":"https:\/\/minorpostcards.fi\/fi\/wp-json\/wp\/v2\/types\/product"}],"wp:featuredmedia":[{"embeddable":true,"href":"https:\/\/minorpostcards.fi\/fi\/wp-json\/wp\/v2\/media\/79077"}],"wp:attachment":[{"href":"https:\/\/minorpostcards.fi\/fi\/wp-json\/wp\/v2\/media?parent=79067"}],"wp:term":[{"taxonomy":"product_brand","embeddable":true,"href":"https:\/\/minorpostcards.fi\/fi\/wp-json\/wp\/v2\/product_brand?post=79067"},{"taxonomy":"product_cat","embeddable":true,"href":"https:\/\/minorpostcards.fi\/fi\/wp-json\/wp\/v2\/product_cat?post=79067"},{"taxonomy":"product_tag","embeddable":true,"href":"https:\/\/minorpostcards.fi\/fi\/wp-json\/wp\/v2\/product_tag?post=79067"}],"curies":[{"name":"wp","href":"https:\/\/api.w.org\/{rel}","templated":true}]}}