{"id":79348,"date":"2025-01-22T17:26:04","date_gmt":"2025-01-22T15:26:04","guid":{"rendered":"https:\/\/minorpostcards.fi\/?post_type=product&#038;p=79348"},"modified":"2025-11-18T21:38:56","modified_gmt":"2025-11-18T19:38:56","slug":"kaarmeen-vuosi-tarra-arkki","status":"publish","type":"product","link":"https:\/\/minorpostcards.fi\/fi\/tuote\/tarrat\/kaarmeen-vuosi-tarra-arkki\/","title":{"rendered":"K\u00e4\u00e4rmeen vuosi &#8211; tarra-arkki"},"content":{"rendered":"<p>K\u00e4\u00e4rme on yksi kiinalaisista horoskooppimerkeist\u00e4, jotka toistuvat 12 vuoden v\u00e4lein. K\u00e4\u00e4rmeen vuonna syntyneiden uskotaan olevan viisaita, intuitiivisia ja salaper\u00e4isi\u00e4 (muun muassa). Kiinalaisen horoskoopin mukaan lohik\u00e4\u00e4rmeen vuosi alkaa 29. tammikuuta 2025 ja loppuu 16. helmikuuta 2026. K\u00e4\u00e4rmeen vuona meill\u00e4 voi olla edess\u00e4 muutoksia ja haasteita \u2013 mik\u00e4 voi tarjota el\u00e4m\u00e4\u00e4n suuria mahdollisuuksia.<\/p>\n<p>Tarramateriaali on kiilt\u00e4v\u00e4pintainen ja muotoonleikattujen tarrojen koko sopii t\u00e4ydellisesti korttien ja kirjekuorien koristeluun! N\u00e4m\u00e4 tarrat on tehty MidJourney AI -ohjelmalla, ja ne on tehnyt Minna Minor Postcardsilta.<\/p>\n<p>Arkin koko on 9,5 cm x 12,5 cm ja siin\u00e4 on 14 k\u00e4\u00e4rmetarraa ja lis\u00e4ksi kolme \u201dYear of the Snake\u201d \u2013 teksti\u00e4.<\/p>\n","protected":false},"excerpt":{"rendered":"<p>Tarra-arkki.<\/p>\n","protected":false},"featured_media":79350,"template":"","meta":[],"product_brand":[],"product_cat":[173],"product_tag":[305,245],"class_list":{"0":"post-79348","1":"product","2":"type-product","3":"status-publish","4":"has-post-thumbnail","6":"product_cat-tarrat","7":"product_tag-sekalaiset","8":"product_tag-tarrat","9":"product_shipping_class-cards","11":"first","12":"outofstock","13":"taxable","14":"shipping-taxable","15":"purchasable","16":"product-type-simple"},"_links":{"self":[{"href":"https:\/\/minorpostcards.fi\/fi\/wp-json\/wp\/v2\/product\/79348","targetHints":{"allow":["GET"]}}],"collection":[{"href":"https:\/\/minorpostcards.fi\/fi\/wp-json\/wp\/v2\/product"}],"about":[{"href":"https:\/\/minorpostcards.fi\/fi\/wp-json\/wp\/v2\/types\/product"}],"wp:featuredmedia":[{"embeddable":true,"href":"https:\/\/minorpostcards.fi\/fi\/wp-json\/wp\/v2\/media\/79350"}],"wp:attachment":[{"href":"https:\/\/minorpostcards.fi\/fi\/wp-json\/wp\/v2\/media?parent=79348"}],"wp:term":[{"taxonomy":"product_brand","embeddable":true,"href":"https:\/\/minorpostcards.fi\/fi\/wp-json\/wp\/v2\/product_brand?post=79348"},{"taxonomy":"product_cat","embeddable":true,"href":"https:\/\/minorpostcards.fi\/fi\/wp-json\/wp\/v2\/product_cat?post=79348"},{"taxonomy":"product_tag","embeddable":true,"href":"https:\/\/minorpostcards.fi\/fi\/wp-json\/wp\/v2\/product_tag?post=79348"}],"curies":[{"name":"wp","href":"https:\/\/api.w.org\/{rel}","templated":true}]}}