{"id":79781,"date":"2025-03-06T17:43:54","date_gmt":"2025-03-06T15:43:54","guid":{"rendered":"https:\/\/minorpostcards.fi\/?post_type=product&#038;p=79781"},"modified":"2026-05-01T20:02:50","modified_gmt":"2026-05-01T17:02:50","slug":"virpoja-tarra-arkki","status":"publish","type":"product","link":"https:\/\/minorpostcards.fi\/fi\/tuote\/tarrat\/virpoja-tarra-arkki\/","title":{"rendered":"Virpoja &#8211; tarra-arkki"},"content":{"rendered":"<p>P\u00e4\u00e4si\u00e4iskortteja l\u00e4hetet\u00e4\u00e4n nykyisin harvoin, mutta n\u00e4ill\u00e4 kivoilla virpoja-aiheisilla tarroilla saat mist\u00e4 tahansa p\u00e4\u00e4si\u00e4isen aikoihin l\u00e4hetetyst\u00e4 kortista ajankohtaan sopivan.\u00a0 Kirjoita virpomisloru &#8221;Virvon varvon tuoreeks terveeks, tulevaks vuodeks! Is\u00e4nn\u00e4lle maha komea, em\u00e4nn\u00e4lle per\u00e4 leve\u00e4! Vitsa sulle, palkka mulle!&#8221; korttiin tarrojen lis\u00e4ksi niin saatat saada maistuvan virpomispalkan.<\/p>\n<p>Tarramateriaali on kiilt\u00e4v\u00e4pintainen ja muotoonleikattujen tarrojen koko sopii t\u00e4ydellisesti korttien ja kirjekuorien koristeluun! N\u00e4m\u00e4 tarrat on tehty MidJourney AI -ohjelmalla, ja ne on tehnyt Minna Minor Postcardsilta.<\/p>\n<p>Arkin koko on 9,5 cm x 12,5 cm ja siin\u00e4 on 6 tytt\u00f6tarraa ja 9 erikokoista virpomisvarpua (ja yksi pikkuinen punainen h\u00f6yhen).<\/p>\n","protected":false},"excerpt":{"rendered":"<p>Tarra-arkki.<\/p>\n","protected":false},"featured_media":79783,"template":"","meta":[],"product_brand":[],"product_cat":[173],"product_tag":[305,245],"class_list":{"0":"post-79781","1":"product","2":"type-product","3":"status-publish","4":"has-post-thumbnail","6":"product_cat-tarrat","7":"product_tag-sekalaiset","8":"product_tag-tarrat","9":"product_shipping_class-cards","11":"first","12":"instock","13":"taxable","14":"shipping-taxable","15":"purchasable","16":"product-type-simple"},"_links":{"self":[{"href":"https:\/\/minorpostcards.fi\/fi\/wp-json\/wp\/v2\/product\/79781","targetHints":{"allow":["GET"]}}],"collection":[{"href":"https:\/\/minorpostcards.fi\/fi\/wp-json\/wp\/v2\/product"}],"about":[{"href":"https:\/\/minorpostcards.fi\/fi\/wp-json\/wp\/v2\/types\/product"}],"wp:featuredmedia":[{"embeddable":true,"href":"https:\/\/minorpostcards.fi\/fi\/wp-json\/wp\/v2\/media\/79783"}],"wp:attachment":[{"href":"https:\/\/minorpostcards.fi\/fi\/wp-json\/wp\/v2\/media?parent=79781"}],"wp:term":[{"taxonomy":"product_brand","embeddable":true,"href":"https:\/\/minorpostcards.fi\/fi\/wp-json\/wp\/v2\/product_brand?post=79781"},{"taxonomy":"product_cat","embeddable":true,"href":"https:\/\/minorpostcards.fi\/fi\/wp-json\/wp\/v2\/product_cat?post=79781"},{"taxonomy":"product_tag","embeddable":true,"href":"https:\/\/minorpostcards.fi\/fi\/wp-json\/wp\/v2\/product_tag?post=79781"}],"curies":[{"name":"wp","href":"https:\/\/api.w.org\/{rel}","templated":true}]}}