{"id":79787,"date":"2025-03-06T18:22:36","date_gmt":"2025-03-06T16:22:36","guid":{"rendered":"https:\/\/minorpostcards.fi\/?post_type=product&#038;p=79787"},"modified":"2026-03-17T18:13:26","modified_gmt":"2026-03-17T16:13:26","slug":"paasiaiselaimet-tarra-arkki","status":"publish","type":"product","link":"https:\/\/minorpostcards.fi\/fi\/tuote\/tarrat\/paasiaiselaimet-tarra-arkki\/","title":{"rendered":"P\u00e4\u00e4si\u00e4isel\u00e4imet &#8211; tarra-arkki"},"content":{"rendered":"<p>P\u00e4\u00e4si\u00e4iskortteja l\u00e4hetet\u00e4\u00e4n nykyisin harvoin, mutta n\u00e4ill\u00e4 kivoilla tarroilla saat mist\u00e4 tahansa p\u00e4\u00e4si\u00e4isen aikoihin l\u00e4hetetyst\u00e4 kortista ajankohtaan sopivan. T\u00e4m\u00e4n arkin tarroissa on kolme p\u00e4\u00e4si\u00e4iseen liittyv\u00e4\u00e4 el\u00e4int\u00e4: musta kissa, pupu ja tipu. Musta kissa leikkii koristelluilla pajunoksilla, pupu kantaa tulppaaneja ja pikkutipu seisoo kauniisti koristellun p\u00e4\u00e4si\u00e4ismunan p\u00e4\u00e4ll\u00e4.<\/p>\n<p>Tarramateriaali on kiilt\u00e4v\u00e4pintainen ja muotoonleikattujen tarrojen koko sopii t\u00e4ydellisesti korttien ja kirjekuorien koristeluun! N\u00e4m\u00e4 tarrat on tehty MidJourney AI -ohjelmalla, ja ne on tehnyt Minna Minor Postcardsilta.<\/p>\n<p>Arkin koko on 9,5 cm x 12,5 cm ja siin\u00e4 on 13 tarraa (5 tipua, 4 mustaa kissaa ja 4 pupua).<\/p>\n","protected":false},"excerpt":{"rendered":"<p>Tarra-arkki.<\/p>\n","protected":false},"featured_media":79785,"template":"","meta":[],"product_brand":[],"product_cat":[173],"product_tag":[305,245],"class_list":{"0":"post-79787","1":"product","2":"type-product","3":"status-publish","4":"has-post-thumbnail","6":"product_cat-tarrat","7":"product_tag-sekalaiset","8":"product_tag-tarrat","9":"product_shipping_class-cards","11":"first","12":"instock","13":"taxable","14":"shipping-taxable","15":"purchasable","16":"product-type-simple"},"_links":{"self":[{"href":"https:\/\/minorpostcards.fi\/fi\/wp-json\/wp\/v2\/product\/79787","targetHints":{"allow":["GET"]}}],"collection":[{"href":"https:\/\/minorpostcards.fi\/fi\/wp-json\/wp\/v2\/product"}],"about":[{"href":"https:\/\/minorpostcards.fi\/fi\/wp-json\/wp\/v2\/types\/product"}],"wp:featuredmedia":[{"embeddable":true,"href":"https:\/\/minorpostcards.fi\/fi\/wp-json\/wp\/v2\/media\/79785"}],"wp:attachment":[{"href":"https:\/\/minorpostcards.fi\/fi\/wp-json\/wp\/v2\/media?parent=79787"}],"wp:term":[{"taxonomy":"product_brand","embeddable":true,"href":"https:\/\/minorpostcards.fi\/fi\/wp-json\/wp\/v2\/product_brand?post=79787"},{"taxonomy":"product_cat","embeddable":true,"href":"https:\/\/minorpostcards.fi\/fi\/wp-json\/wp\/v2\/product_cat?post=79787"},{"taxonomy":"product_tag","embeddable":true,"href":"https:\/\/minorpostcards.fi\/fi\/wp-json\/wp\/v2\/product_tag?post=79787"}],"curies":[{"name":"wp","href":"https:\/\/api.w.org\/{rel}","templated":true}]}}