{"id":80046,"date":"2025-07-03T17:43:36","date_gmt":"2025-07-03T14:43:36","guid":{"rendered":"https:\/\/minorpostcards.fi\/?post_type=product&#038;p=80046"},"modified":"2026-04-11T14:07:55","modified_gmt":"2026-04-11T11:07:55","slug":"sauna-bastu-tarra-arkki","status":"publish","type":"product","link":"https:\/\/minorpostcards.fi\/fi\/tuote\/tarrat\/sauna-bastu-tarra-arkki\/","title":{"rendered":"Sauna Bastu &#8211; tarra-arkki"},"content":{"rendered":"<p>Saunatarrat ovat vihdoinkin valmiit, ja arkki on t\u00e4ynn\u00e4 Minorin Ronjan piirt\u00e4mi\u00e4 tarroja! Arkilla on 19 tarraa, joissa on Sauna \/ Bastu tekstin lis\u00e4ksi sauna-aiheita: puinen kiulu ja l\u00f6ylykauha, kiuas,\u00a0 puukori t\u00e4ynn\u00e4 koivuhalkoja, vasta (tai vihta) ja l\u00f6ylymittari. Kukas se haluaa vain saunoa?<\/p>\n<p>Tarramateriaali on kiilt\u00e4v\u00e4pintainen ja muotoonleikattujen tarrojen koko sopii t\u00e4ydellisesti korttien ja kirjekuorien koristeluun!<\/p>\n<p>Arkin koko on 9,5 cm x 12,5 cm ja siin\u00e4 on 19 tarraa.<\/p>\n","protected":false},"excerpt":{"rendered":"<p>Tarra-arkki.<\/p>\n","protected":false},"featured_media":80048,"template":"","meta":[],"product_brand":[],"product_cat":[173],"product_tag":[305,245],"class_list":{"0":"post-80046","1":"product","2":"type-product","3":"status-publish","4":"has-post-thumbnail","6":"product_cat-tarrat","7":"product_tag-sekalaiset","8":"product_tag-tarrat","9":"product_shipping_class-cards","11":"first","12":"instock","13":"taxable","14":"shipping-taxable","15":"purchasable","16":"product-type-simple"},"_links":{"self":[{"href":"https:\/\/minorpostcards.fi\/fi\/wp-json\/wp\/v2\/product\/80046","targetHints":{"allow":["GET"]}}],"collection":[{"href":"https:\/\/minorpostcards.fi\/fi\/wp-json\/wp\/v2\/product"}],"about":[{"href":"https:\/\/minorpostcards.fi\/fi\/wp-json\/wp\/v2\/types\/product"}],"wp:featuredmedia":[{"embeddable":true,"href":"https:\/\/minorpostcards.fi\/fi\/wp-json\/wp\/v2\/media\/80048"}],"wp:attachment":[{"href":"https:\/\/minorpostcards.fi\/fi\/wp-json\/wp\/v2\/media?parent=80046"}],"wp:term":[{"taxonomy":"product_brand","embeddable":true,"href":"https:\/\/minorpostcards.fi\/fi\/wp-json\/wp\/v2\/product_brand?post=80046"},{"taxonomy":"product_cat","embeddable":true,"href":"https:\/\/minorpostcards.fi\/fi\/wp-json\/wp\/v2\/product_cat?post=80046"},{"taxonomy":"product_tag","embeddable":true,"href":"https:\/\/minorpostcards.fi\/fi\/wp-json\/wp\/v2\/product_tag?post=80046"}],"curies":[{"name":"wp","href":"https:\/\/api.w.org\/{rel}","templated":true}]}}