{"id":80740,"date":"2025-08-05T16:07:51","date_gmt":"2025-08-05T12:58:52","guid":{"rendered":"https:\/\/minorpostcards.fi\/?post_type=product&#038;p=80740"},"modified":"2026-02-27T10:42:17","modified_gmt":"2026-02-27T08:42:17","slug":"maakuntakasvi-karjalanruusu","status":"publish","type":"product","link":"https:\/\/minorpostcards.fi\/fi\/tuote\/kortit\/maakuntakasvi-karjalanruusu\/","title":{"rendered":"Maakuntakasvi karjalanruusu"},"content":{"rendered":"<p>Kaikille maakunnille on valittu kukka (tai kasvi), joka edustaa alueen tyypillist\u00e4 kasvikuntaa.<\/p>\n<p>Karjalanruusu on Pohjois-Karjalan maakuntakasvi ja sit\u00e4 tavataan luonnonvaraisena erityisesti It\u00e4-Suomessa. Karjalanruusupensas kasvaa puolesta puoleentoista metri\u00e4 korkeaksi. Sill\u00e4 on varsissa tihe\u00e4t suorat piikit joissa on kes\u00e4-hein\u00e4kuussa yksitt\u00e4isi\u00e4 4-5 cm leveit\u00e4 punaisia kukkia. Karjalanruusu kasvaa lehdoissa ja muissa reheviss\u00e4 kasvupaikoissa kuten puronvarsilla ja sit\u00e4 k\u00e4ytet\u00e4\u00e4n koristepensaana puutarhoissa.<\/p>\n","protected":false},"excerpt":{"rendered":"<p>Postikortti.<\/p>\n","protected":false},"featured_media":80728,"template":"","meta":[],"product_brand":[],"product_cat":[19],"product_tag":[139,330,115],"class_list":{"0":"post-80740","1":"product","2":"type-product","3":"status-publish","4":"has-post-thumbnail","6":"product_cat-kortit","7":"product_tag-kasvit","8":"product_tag-maakuntakasvit","9":"product_tag-suomi","10":"product_shipping_class-cards","12":"first","13":"instock","14":"taxable","15":"shipping-taxable","16":"purchasable","17":"product-type-simple"},"_links":{"self":[{"href":"https:\/\/minorpostcards.fi\/fi\/wp-json\/wp\/v2\/product\/80740","targetHints":{"allow":["GET"]}}],"collection":[{"href":"https:\/\/minorpostcards.fi\/fi\/wp-json\/wp\/v2\/product"}],"about":[{"href":"https:\/\/minorpostcards.fi\/fi\/wp-json\/wp\/v2\/types\/product"}],"wp:featuredmedia":[{"embeddable":true,"href":"https:\/\/minorpostcards.fi\/fi\/wp-json\/wp\/v2\/media\/80728"}],"wp:attachment":[{"href":"https:\/\/minorpostcards.fi\/fi\/wp-json\/wp\/v2\/media?parent=80740"}],"wp:term":[{"taxonomy":"product_brand","embeddable":true,"href":"https:\/\/minorpostcards.fi\/fi\/wp-json\/wp\/v2\/product_brand?post=80740"},{"taxonomy":"product_cat","embeddable":true,"href":"https:\/\/minorpostcards.fi\/fi\/wp-json\/wp\/v2\/product_cat?post=80740"},{"taxonomy":"product_tag","embeddable":true,"href":"https:\/\/minorpostcards.fi\/fi\/wp-json\/wp\/v2\/product_tag?post=80740"}],"curies":[{"name":"wp","href":"https:\/\/api.w.org\/{rel}","templated":true}]}}