{"id":80742,"date":"2025-08-05T15:59:38","date_gmt":"2025-08-05T12:59:38","guid":{"rendered":"https:\/\/minorpostcards.fi\/?post_type=product&#038;p=80742"},"modified":"2026-03-17T18:13:25","modified_gmt":"2026-03-17T16:13:25","slug":"linnansaaren-kansallispuisto-linnavuoren-venelaituri","status":"publish","type":"product","link":"https:\/\/minorpostcards.fi\/fi\/tuote\/kortit\/linnansaaren-kansallispuisto-linnavuoren-venelaituri\/","title":{"rendered":"Linnansaaren kansallispuisto Linnavuoren venelaituri"},"content":{"rendered":"<p>Linnansaaren kansallispuisto on monista Saimaan saarista ja vesialueista koostuva alue, joka perustettiin vuonna 1956. Rantasalmen, Savonlinnan ja Varkauden alueella olevaan kansallispuistoon tutustuminen vaatii vesill\u00e4 liikkumista. Kansallispuiston p\u00e4\u00e4saarella Linnansaarella on kaksi venelaituria, vanha torppa ja kansallispuiston ainoat merkityt reitit. Torpan aluetta hoidetaan perinteisill\u00e4 tavoilla mutta suurin osa saaren kangasmets\u00e4st\u00e4 ja lehdoista on luonnontilassa.<\/p>\n<p>Talvella kansallispuiston alueeseen tutustuminen onnistuu vaikka retkiluistimilla , mutta kes\u00e4ll\u00e4 tarvitaan kanootti, soutuvene tai isompi laiva. P\u00e4\u00e4saarelle on toukokuun puoliv\u00e4list\u00e4 lokakuun loppuun vuoroveneyhteyksi\u00e4, joista yht\u00e4 liikenn\u00f6i kes\u00e4ll\u00e4 2024\u00a0kortissa n\u00e4kyv\u00e4 Puijo-laiva. Uudistettu laiva jatkoi liikenn\u00f6inti\u00e4 kes\u00e4ll\u00e4 2025 nimell\u00e4 Linnansaari 1.<\/p>\n<p>Linnansaaren kansallispuiston alueilla esiintyy saimaannorppia ja kalas\u00e4\u00e4ski\u00e4, joiden takia monilla alueilla on liikkumisrajoituksia vuoden alusta hein\u00e4kuuhun saakka. Muista tarkistaa miss\u00e4 ja milloin on luvallista kulkea ja y\u00f6py\u00e4, jos liikut alueella itsen\u00e4isesti!<\/p>\n<p>&nbsp;<\/p>\n","protected":false},"excerpt":{"rendered":"<p>Postikortti.<\/p>\n","protected":false},"featured_media":80726,"template":"","meta":[],"product_brand":[],"product_cat":[19],"product_tag":[309,130,329,126,115],"class_list":{"0":"post-80742","1":"product","2":"type-product","3":"status-publish","4":"has-post-thumbnail","6":"product_cat-kortit","7":"product_tag-ajoneuvot-ja-liikenne","8":"product_tag-kartat","9":"product_tag-linnat","10":"product_tag-maisemat","11":"product_tag-suomi","12":"product_shipping_class-cards","14":"first","15":"instock","16":"taxable","17":"shipping-taxable","18":"purchasable","19":"product-type-simple"},"_links":{"self":[{"href":"https:\/\/minorpostcards.fi\/fi\/wp-json\/wp\/v2\/product\/80742","targetHints":{"allow":["GET"]}}],"collection":[{"href":"https:\/\/minorpostcards.fi\/fi\/wp-json\/wp\/v2\/product"}],"about":[{"href":"https:\/\/minorpostcards.fi\/fi\/wp-json\/wp\/v2\/types\/product"}],"wp:featuredmedia":[{"embeddable":true,"href":"https:\/\/minorpostcards.fi\/fi\/wp-json\/wp\/v2\/media\/80726"}],"wp:attachment":[{"href":"https:\/\/minorpostcards.fi\/fi\/wp-json\/wp\/v2\/media?parent=80742"}],"wp:term":[{"taxonomy":"product_brand","embeddable":true,"href":"https:\/\/minorpostcards.fi\/fi\/wp-json\/wp\/v2\/product_brand?post=80742"},{"taxonomy":"product_cat","embeddable":true,"href":"https:\/\/minorpostcards.fi\/fi\/wp-json\/wp\/v2\/product_cat?post=80742"},{"taxonomy":"product_tag","embeddable":true,"href":"https:\/\/minorpostcards.fi\/fi\/wp-json\/wp\/v2\/product_tag?post=80742"}],"curies":[{"name":"wp","href":"https:\/\/api.w.org\/{rel}","templated":true}]}}