{"id":80744,"date":"2025-08-05T16:05:43","date_gmt":"2025-08-05T13:05:43","guid":{"rendered":"https:\/\/minorpostcards.fi\/?post_type=product&#038;p=80744"},"modified":"2026-04-03T22:18:19","modified_gmt":"2026-04-03T19:18:19","slug":"suomenlinnan-majakka-kartalla","status":"publish","type":"product","link":"https:\/\/minorpostcards.fi\/fi\/tuote\/kortit\/suomenlinnan-majakka-kartalla\/","title":{"rendered":"Suomenlinnan majakka kartalla"},"content":{"rendered":"<p>Majakkasarjan kortissa n\u00e4kyy puiden latvojen ylle kohoava Suomenlinnan kirkontorni eli Suomenlinnan majakka. Kun tornia katsoo tarkasti, niin tornin huipulla ristin alapuolella n\u00e4kyy majakan lasinen lyhtyosa.<\/p>\n<p>Suomenlinnan kirkko valmistui vuonna 1854 ven\u00e4l\u00e4isen varuskunnan kirkoksi. Alunperin ortodoksinen kirkko muutettiin evankelis-luterilaiseksi varuskuntakirkoksi Suomen itsen\u00e4istytty\u00e4 1918, jolloin kirkon ulkoasua pelkistettiin ja kirkon sisustusta muutettiin luterilaiseksi. Lopullinen ortodoksisen kirkon ulkoasun ja sis\u00e4tilan muuttaminen nykyiseksi toteutettiin vuosina 1927\u20131929.<\/p>\n<p>Kirkon tornin huipulle sijoitettiin majakkavalo vuonna 1929. Majakkavalo on Suomen korkein (54,2 metri\u00e4 merenpinnasta), ja se on kunnostettu vuosina 1994 ja 2018. Helsinkiin merelt\u00e4 p\u00e4in tulijan ottaa pime\u00e4\u00e4n aikaan vastaan majakan nelj\u00e4 lyhytt\u00e4 v\u00e4l\u00e4hdyst\u00e4: morseaakkosten H-kirjain, niin kuin Helsinki!<\/p>\n","protected":false},"excerpt":{"rendered":"<p>Postikortti.<\/p>\n","protected":false},"featured_media":80730,"template":"","meta":[],"product_brand":[],"product_cat":[19],"product_tag":[126,303,115],"class_list":{"0":"post-80744","1":"product","2":"type-product","3":"status-publish","4":"has-post-thumbnail","6":"product_cat-kortit","7":"product_tag-maisemat","8":"product_tag-majakat-fi","9":"product_tag-suomi","10":"product_shipping_class-cards","12":"first","13":"instock","14":"taxable","15":"shipping-taxable","16":"purchasable","17":"product-type-simple"},"_links":{"self":[{"href":"https:\/\/minorpostcards.fi\/fi\/wp-json\/wp\/v2\/product\/80744","targetHints":{"allow":["GET"]}}],"collection":[{"href":"https:\/\/minorpostcards.fi\/fi\/wp-json\/wp\/v2\/product"}],"about":[{"href":"https:\/\/minorpostcards.fi\/fi\/wp-json\/wp\/v2\/types\/product"}],"wp:featuredmedia":[{"embeddable":true,"href":"https:\/\/minorpostcards.fi\/fi\/wp-json\/wp\/v2\/media\/80730"}],"wp:attachment":[{"href":"https:\/\/minorpostcards.fi\/fi\/wp-json\/wp\/v2\/media?parent=80744"}],"wp:term":[{"taxonomy":"product_brand","embeddable":true,"href":"https:\/\/minorpostcards.fi\/fi\/wp-json\/wp\/v2\/product_brand?post=80744"},{"taxonomy":"product_cat","embeddable":true,"href":"https:\/\/minorpostcards.fi\/fi\/wp-json\/wp\/v2\/product_cat?post=80744"},{"taxonomy":"product_tag","embeddable":true,"href":"https:\/\/minorpostcards.fi\/fi\/wp-json\/wp\/v2\/product_tag?post=80744"}],"curies":[{"name":"wp","href":"https:\/\/api.w.org\/{rel}","templated":true}]}}