{"id":80746,"date":"2025-08-05T16:09:38","date_gmt":"2025-08-05T13:09:38","guid":{"rendered":"https:\/\/minorpostcards.fi\/?post_type=product&#038;p=80746"},"modified":"2026-04-07T16:09:28","modified_gmt":"2026-04-07T13:09:28","slug":"auringonkukkapostia","status":"publish","type":"product","link":"https:\/\/minorpostcards.fi\/fi\/tuote\/kortit\/auringonkukkapostia\/","title":{"rendered":"Auringonkukkapostia"},"content":{"rendered":"<div>N\u00e4ytt\u00e4v\u00e4t kukkivat maisemapellot edist\u00e4v\u00e4t luonnon monimuotoisuutta. Ne ilahduttavat ohikulkijoita ja ovat t\u00e4rkeit\u00e4 ravinnonl\u00e4hteit\u00e4 monille p\u00f6lytt\u00e4jille ja pikkulinnuille. T\u00e4ss\u00e4 punaisen talon pihapellossa kasvaa auringonkukkia. Minor Postcardsin Minna on ottanut kuvan kes\u00e4ll\u00e4 2024 kotipaikkakunnalla viedess\u00e4\u00e4n Minorin tilauksia paikalliseen asiamiespostiin.<\/div>\n","protected":false},"excerpt":{"rendered":"<p>Postikortti.<\/p>\n","protected":false},"featured_media":80732,"template":"","meta":[],"product_brand":[],"product_cat":[19],"product_tag":[139,149,126,147],"class_list":{"0":"post-80746","1":"product","2":"type-product","3":"status-publish","4":"has-post-thumbnail","6":"product_cat-kortit","7":"product_tag-kasvit","8":"product_tag-kesa","9":"product_tag-maisemat","10":"product_tag-posti","11":"product_shipping_class-cards","13":"first","14":"instock","15":"taxable","16":"shipping-taxable","17":"purchasable","18":"product-type-simple"},"_links":{"self":[{"href":"https:\/\/minorpostcards.fi\/fi\/wp-json\/wp\/v2\/product\/80746","targetHints":{"allow":["GET"]}}],"collection":[{"href":"https:\/\/minorpostcards.fi\/fi\/wp-json\/wp\/v2\/product"}],"about":[{"href":"https:\/\/minorpostcards.fi\/fi\/wp-json\/wp\/v2\/types\/product"}],"wp:featuredmedia":[{"embeddable":true,"href":"https:\/\/minorpostcards.fi\/fi\/wp-json\/wp\/v2\/media\/80732"}],"wp:attachment":[{"href":"https:\/\/minorpostcards.fi\/fi\/wp-json\/wp\/v2\/media?parent=80746"}],"wp:term":[{"taxonomy":"product_brand","embeddable":true,"href":"https:\/\/minorpostcards.fi\/fi\/wp-json\/wp\/v2\/product_brand?post=80746"},{"taxonomy":"product_cat","embeddable":true,"href":"https:\/\/minorpostcards.fi\/fi\/wp-json\/wp\/v2\/product_cat?post=80746"},{"taxonomy":"product_tag","embeddable":true,"href":"https:\/\/minorpostcards.fi\/fi\/wp-json\/wp\/v2\/product_tag?post=80746"}],"curies":[{"name":"wp","href":"https:\/\/api.w.org\/{rel}","templated":true}]}}