{"id":80748,"date":"2025-08-05T16:13:41","date_gmt":"2025-08-05T13:13:42","guid":{"rendered":"https:\/\/minorpostcards.fi\/?post_type=product&#038;p=80748"},"modified":"2026-04-03T22:18:19","modified_gmt":"2026-04-03T19:18:19","slug":"terveisia-maaseudulta","status":"publish","type":"product","link":"https:\/\/minorpostcards.fi\/fi\/tuote\/kortit\/terveisia-maaseudulta\/","title":{"rendered":"Terveisi\u00e4 maaseudulta!"},"content":{"rendered":"<p>Terveisi\u00e4 kes\u00e4iselt\u00e4 maaseudulta! T\u00e4\u00e4ll\u00e4 kasvaa pelloilla kauraa ja pientareella pellon vierell\u00e4 paljon kukkia. Kirjekuoreen on ker\u00e4ttyn\u00e4 ainakin ainakin p\u00e4iv\u00e4nkakkaroita, ruiskukkia, apilaa, unikoita, koiranputkea, maitohorsmaa ja heini\u00e4. Kortilla voi l\u00e4hett\u00e4\u00e4 postin mukana onnittelukukkia tai muuten vaan kukkivia terveisi\u00e4.<\/p>\n","protected":false},"excerpt":{"rendered":"<p>Postikortti.<\/p>\n","protected":false},"featured_media":80734,"template":"","meta":[],"product_brand":[],"product_cat":[19],"product_tag":[139,149,147],"class_list":{"0":"post-80748","1":"product","2":"type-product","3":"status-publish","4":"has-post-thumbnail","6":"product_cat-kortit","7":"product_tag-kasvit","8":"product_tag-kesa","9":"product_tag-posti","10":"product_shipping_class-cards","12":"first","13":"instock","14":"taxable","15":"shipping-taxable","16":"purchasable","17":"product-type-simple"},"_links":{"self":[{"href":"https:\/\/minorpostcards.fi\/fi\/wp-json\/wp\/v2\/product\/80748","targetHints":{"allow":["GET"]}}],"collection":[{"href":"https:\/\/minorpostcards.fi\/fi\/wp-json\/wp\/v2\/product"}],"about":[{"href":"https:\/\/minorpostcards.fi\/fi\/wp-json\/wp\/v2\/types\/product"}],"wp:featuredmedia":[{"embeddable":true,"href":"https:\/\/minorpostcards.fi\/fi\/wp-json\/wp\/v2\/media\/80734"}],"wp:attachment":[{"href":"https:\/\/minorpostcards.fi\/fi\/wp-json\/wp\/v2\/media?parent=80748"}],"wp:term":[{"taxonomy":"product_brand","embeddable":true,"href":"https:\/\/minorpostcards.fi\/fi\/wp-json\/wp\/v2\/product_brand?post=80748"},{"taxonomy":"product_cat","embeddable":true,"href":"https:\/\/minorpostcards.fi\/fi\/wp-json\/wp\/v2\/product_cat?post=80748"},{"taxonomy":"product_tag","embeddable":true,"href":"https:\/\/minorpostcards.fi\/fi\/wp-json\/wp\/v2\/product_tag?post=80748"}],"curies":[{"name":"wp","href":"https:\/\/api.w.org\/{rel}","templated":true}]}}