{"id":80750,"date":"2025-08-05T16:16:36","date_gmt":"2025-08-05T13:16:36","guid":{"rendered":"https:\/\/minorpostcards.fi\/?post_type=product&#038;p=80750"},"modified":"2026-04-17T17:07:45","modified_gmt":"2026-04-17T14:07:45","slug":"suomikartta-pitkospuut","status":"publish","type":"product","link":"https:\/\/minorpostcards.fi\/fi\/tuote\/kortit\/suomikartta-pitkospuut\/","title":{"rendered":"Suomikartta: pitkospuut"},"content":{"rendered":"<p>Jokainen kansallispuistossa tai retkeilyalueilla liikkuva tiet\u00e4\u00e4 kosteassa maastossa liikkumista helpottavat pitkospuut. Kahden tai yhden lankun levyinen puinen polku suojaa retkeilij\u00e4n kenki\u00e4 ja housunlahkeita likaantumiselta,\u00a0 ja mik\u00e4 on viel\u00e4 t\u00e4rke\u00e4mp\u00e4\u00e4 reitin maastoa kulumiselta.<\/p>\n<p>Minna Minor Postcardsilta on kuvannut t\u00e4m\u00e4n syksyisen maiseman Kainuussa, Ristij\u00e4rven kunnassa Laahtanen-j\u00e4rven ymp\u00e4ri kiert\u00e4v\u00e4ll\u00e4 vaellusreitill\u00e4 vuonna 2022.<\/p>\n","protected":false},"excerpt":{"rendered":"<p>Postikortti.<\/p>\n","protected":false},"featured_media":80736,"template":"","meta":[],"product_brand":[],"product_cat":[19],"product_tag":[130,286,126,115,191],"class_list":{"0":"post-80750","1":"product","2":"type-product","3":"status-publish","4":"has-post-thumbnail","6":"product_cat-kortit","7":"product_tag-kartat","8":"product_tag-luonto","9":"product_tag-maisemat","10":"product_tag-suomi","11":"product_tag-syksy","12":"product_shipping_class-cards","14":"first","15":"instock","16":"taxable","17":"shipping-taxable","18":"purchasable","19":"product-type-simple"},"_links":{"self":[{"href":"https:\/\/minorpostcards.fi\/fi\/wp-json\/wp\/v2\/product\/80750","targetHints":{"allow":["GET"]}}],"collection":[{"href":"https:\/\/minorpostcards.fi\/fi\/wp-json\/wp\/v2\/product"}],"about":[{"href":"https:\/\/minorpostcards.fi\/fi\/wp-json\/wp\/v2\/types\/product"}],"wp:featuredmedia":[{"embeddable":true,"href":"https:\/\/minorpostcards.fi\/fi\/wp-json\/wp\/v2\/media\/80736"}],"wp:attachment":[{"href":"https:\/\/minorpostcards.fi\/fi\/wp-json\/wp\/v2\/media?parent=80750"}],"wp:term":[{"taxonomy":"product_brand","embeddable":true,"href":"https:\/\/minorpostcards.fi\/fi\/wp-json\/wp\/v2\/product_brand?post=80750"},{"taxonomy":"product_cat","embeddable":true,"href":"https:\/\/minorpostcards.fi\/fi\/wp-json\/wp\/v2\/product_cat?post=80750"},{"taxonomy":"product_tag","embeddable":true,"href":"https:\/\/minorpostcards.fi\/fi\/wp-json\/wp\/v2\/product_tag?post=80750"}],"curies":[{"name":"wp","href":"https:\/\/api.w.org\/{rel}","templated":true}]}}