{"id":80752,"date":"2025-08-05T15:05:57","date_gmt":"2025-08-05T12:05:57","guid":{"rendered":"https:\/\/minorpostcards.fi\/?post_type=product&#038;p=80752"},"modified":"2026-04-03T22:18:19","modified_gmt":"2026-04-03T19:18:19","slug":"perhosia-vatsassa","status":"publish","type":"product","link":"https:\/\/minorpostcards.fi\/fi\/tuote\/kortit\/perhosia-vatsassa\/","title":{"rendered":"Perhosia vatsassa"},"content":{"rendered":"<p>T\u00e4m\u00e4n kortin ideana ei ole niink\u00e4\u00e4n luuranko vaan perhoset. Tied\u00e4tk\u00f6 (tai viel\u00e4k\u00f6 muistat) milt\u00e4 tuntuu kun ihastuu ja rakastuu? Sen miten vatsassa kihelm\u00f6i aivan kuin siell\u00e4 olisi perhosia?<\/p>\n<p>T\u00e4m\u00e4 korttikuva on tehty MidJourney AI \u2013 ty\u00f6kalulla ja sen on tehnyt Minna Minor Postcardsilta.<\/p>\n<p>Viimeistele kortti hienoilla <a href=\"https:\/\/minorpostcards.fi\/fi\/tuote\/tarrat\/kukkakallot-tarra-arkki\/\" target=\"_blank\" rel=\"noopener\">p\u00e4\u00e4kalloaiheisilla<\/a> tarroilla!<\/p>\n","protected":false},"excerpt":{"rendered":"<p>Postikortti.<\/p>\n","protected":false},"featured_media":80738,"template":"","meta":[],"product_brand":[],"product_cat":[19],"product_tag":[136,331,337,124,277],"class_list":{"0":"post-80752","1":"product","2":"type-product","3":"status-publish","4":"has-post-thumbnail","6":"product_cat-kortit","7":"product_tag-digitaaliset-kuvat","8":"product_tag-fantasia-aiheet","9":"product_tag-halloween-fi","10":"product_tag-ihmiset","11":"product_tag-tiede","12":"product_shipping_class-cards","14":"first","15":"instock","16":"taxable","17":"shipping-taxable","18":"purchasable","19":"product-type-simple"},"_links":{"self":[{"href":"https:\/\/minorpostcards.fi\/fi\/wp-json\/wp\/v2\/product\/80752","targetHints":{"allow":["GET"]}}],"collection":[{"href":"https:\/\/minorpostcards.fi\/fi\/wp-json\/wp\/v2\/product"}],"about":[{"href":"https:\/\/minorpostcards.fi\/fi\/wp-json\/wp\/v2\/types\/product"}],"wp:featuredmedia":[{"embeddable":true,"href":"https:\/\/minorpostcards.fi\/fi\/wp-json\/wp\/v2\/media\/80738"}],"wp:attachment":[{"href":"https:\/\/minorpostcards.fi\/fi\/wp-json\/wp\/v2\/media?parent=80752"}],"wp:term":[{"taxonomy":"product_brand","embeddable":true,"href":"https:\/\/minorpostcards.fi\/fi\/wp-json\/wp\/v2\/product_brand?post=80752"},{"taxonomy":"product_cat","embeddable":true,"href":"https:\/\/minorpostcards.fi\/fi\/wp-json\/wp\/v2\/product_cat?post=80752"},{"taxonomy":"product_tag","embeddable":true,"href":"https:\/\/minorpostcards.fi\/fi\/wp-json\/wp\/v2\/product_tag?post=80752"}],"curies":[{"name":"wp","href":"https:\/\/api.w.org\/{rel}","templated":true}]}}