{"id":80754,"date":"2025-08-05T15:20:15","date_gmt":"2025-08-05T12:20:15","guid":{"rendered":"https:\/\/minorpostcards.fi\/?post_type=product&#038;p=80754"},"modified":"2026-04-03T22:18:19","modified_gmt":"2026-04-03T19:18:19","slug":"maalattuja-kivia","status":"publish","type":"product","link":"https:\/\/minorpostcards.fi\/fi\/tuote\/kortit\/maalattuja-kivia\/","title":{"rendered":"Maalattuja kivi\u00e4"},"content":{"rendered":"<p>Kortti esittelee suositun askarteluidean ja harrastuksen, kivien maalaamisen. Kivien pintaan voi kest\u00e4vill\u00e4 v\u00e4reill\u00e4 taiteilla mit\u00e4 haluaa, vaikka p\u00f6ll\u00f6n tai korvapuustin, kun kivi on sopivan muotoinen. (T\u00e4t\u00e4 kuvan tehnyt teko\u00e4ly ei osannut toteuttaa vaan lis\u00e4si kuvat kivien p\u00e4\u00e4lle). Maalatut kivet voi pit\u00e4\u00e4 omana ilona, antaa kaverille tai piilottaa toisten l\u00f6ydett\u00e4v\u00e4ksi. Eri maiden harrastajien Facebook-ryhmiss\u00e4 kerrotaan l\u00f6ydetyist\u00e4 kivist\u00e4. Kivikortin mattapinta tuntuu meist\u00e4 samalle kuin rantavedess\u00e4 sile\u00e4ksi hioutuneen kiven pinta!<\/p>\n<p>T\u00e4m\u00e4 korttikuva on tehty MidJourney AI \u2013 ty\u00f6kalulla ja sen on tehnyt Minna Minor Postcardsilta.<\/p>\n<p>T\u00e4ss\u00e4 kortissa on kest\u00e4v\u00e4 mattapinnoite. Sen ansiosta kortin pinta tuntuu pehme\u00e4lle, melkein kankaiselle, ja sit\u00e4 voi hypistell\u00e4 vapaasti koska pintaan ei j\u00e4\u00e4 sormenj\u00e4lki\u00e4!<\/p>\n","protected":false},"excerpt":{"rendered":"<p>Postikortti.<\/p>\n","protected":false},"featured_media":80756,"template":"","meta":[],"product_brand":[],"product_cat":[19],"product_tag":[136,298,286,304],"class_list":{"0":"post-80754","1":"product","2":"type-product","3":"status-publish","4":"has-post-thumbnail","6":"product_cat-kortit","7":"product_tag-digitaaliset-kuvat","8":"product_tag-kasityot-ja-harrastukset","9":"product_tag-luonto","10":"product_tag-mattapinta","11":"product_shipping_class-cards","13":"first","14":"instock","15":"taxable","16":"shipping-taxable","17":"purchasable","18":"product-type-simple"},"_links":{"self":[{"href":"https:\/\/minorpostcards.fi\/fi\/wp-json\/wp\/v2\/product\/80754","targetHints":{"allow":["GET"]}}],"collection":[{"href":"https:\/\/minorpostcards.fi\/fi\/wp-json\/wp\/v2\/product"}],"about":[{"href":"https:\/\/minorpostcards.fi\/fi\/wp-json\/wp\/v2\/types\/product"}],"wp:featuredmedia":[{"embeddable":true,"href":"https:\/\/minorpostcards.fi\/fi\/wp-json\/wp\/v2\/media\/80756"}],"wp:attachment":[{"href":"https:\/\/minorpostcards.fi\/fi\/wp-json\/wp\/v2\/media?parent=80754"}],"wp:term":[{"taxonomy":"product_brand","embeddable":true,"href":"https:\/\/minorpostcards.fi\/fi\/wp-json\/wp\/v2\/product_brand?post=80754"},{"taxonomy":"product_cat","embeddable":true,"href":"https:\/\/minorpostcards.fi\/fi\/wp-json\/wp\/v2\/product_cat?post=80754"},{"taxonomy":"product_tag","embeddable":true,"href":"https:\/\/minorpostcards.fi\/fi\/wp-json\/wp\/v2\/product_tag?post=80754"}],"curies":[{"name":"wp","href":"https:\/\/api.w.org\/{rel}","templated":true}]}}