{"id":80762,"date":"2025-08-05T15:10:57","date_gmt":"2025-08-05T12:10:57","guid":{"rendered":"https:\/\/minorpostcards.fi\/?post_type=product&#038;p=80762"},"modified":"2026-01-27T09:24:31","modified_gmt":"2026-01-27T07:24:31","slug":"paperinukke-alwiina","status":"publish","type":"product","link":"https:\/\/minorpostcards.fi\/fi\/tuote\/kortit\/paperinukke-alwiina\/","title":{"rendered":"Paperinukke Alwiina"},"content":{"rendered":"<p>Koko &#8221;postikorttiel\u00e4m\u00e4ni&#8221; olen ker\u00e4illyt paperinukkeaiheisia kortteja, joita on olemassa harmillisen v\u00e4h\u00e4n. Siksi onkin onnenp\u00e4iv\u00e4, kun pitk\u00e4n ajan haave omasta paperinukkekortista vihdoin toteutui. Iso kiitos nuorimmalle tytt\u00e4relle, joka suostui toteuttamaan \u00e4idin toiveen! Kortin naisen nime\u00e4 joutui etsim\u00e4\u00e4n melko kauan, kunnes h\u00e4nelle l\u00f6ytyi sopiva nimi Alwiina, jota ei netist\u00e4 viel\u00e4 paperinukkena l\u00f6ytynyt.<\/p>\n<p>T\u00e4ss\u00e4 kortissa on kest\u00e4v\u00e4 mattapinnoite. Sen ansiosta kortin pinta tuntuu pehme\u00e4lle, melkein kankaiselle, ja sit\u00e4 voi hypistell\u00e4 vapaasti koska pintaan ei j\u00e4\u00e4 sormenj\u00e4lki\u00e4!<\/p>\n","protected":false},"excerpt":{"rendered":"<p>Postikortti.<\/p>\n","protected":false},"featured_media":80758,"template":"","meta":[],"product_brand":[],"product_cat":[19],"product_tag":[136,124,298,304,128],"class_list":{"0":"post-80762","1":"product","2":"type-product","3":"status-publish","4":"has-post-thumbnail","6":"product_cat-kortit","7":"product_tag-digitaaliset-kuvat","8":"product_tag-ihmiset","9":"product_tag-kasityot-ja-harrastukset","10":"product_tag-mattapinta","11":"product_tag-nostalgia","12":"product_shipping_class-cards","14":"first","15":"instock","16":"taxable","17":"shipping-taxable","18":"purchasable","19":"product-type-simple"},"_links":{"self":[{"href":"https:\/\/minorpostcards.fi\/fi\/wp-json\/wp\/v2\/product\/80762","targetHints":{"allow":["GET"]}}],"collection":[{"href":"https:\/\/minorpostcards.fi\/fi\/wp-json\/wp\/v2\/product"}],"about":[{"href":"https:\/\/minorpostcards.fi\/fi\/wp-json\/wp\/v2\/types\/product"}],"wp:featuredmedia":[{"embeddable":true,"href":"https:\/\/minorpostcards.fi\/fi\/wp-json\/wp\/v2\/media\/80758"}],"wp:attachment":[{"href":"https:\/\/minorpostcards.fi\/fi\/wp-json\/wp\/v2\/media?parent=80762"}],"wp:term":[{"taxonomy":"product_brand","embeddable":true,"href":"https:\/\/minorpostcards.fi\/fi\/wp-json\/wp\/v2\/product_brand?post=80762"},{"taxonomy":"product_cat","embeddable":true,"href":"https:\/\/minorpostcards.fi\/fi\/wp-json\/wp\/v2\/product_cat?post=80762"},{"taxonomy":"product_tag","embeddable":true,"href":"https:\/\/minorpostcards.fi\/fi\/wp-json\/wp\/v2\/product_tag?post=80762"}],"curies":[{"name":"wp","href":"https:\/\/api.w.org\/{rel}","templated":true}]}}