{"id":80764,"date":"2025-08-05T15:15:57","date_gmt":"2025-08-05T13:37:20","guid":{"rendered":"https:\/\/minorpostcards.fi\/?post_type=product&#038;p=80764"},"modified":"2026-04-03T22:18:19","modified_gmt":"2026-04-03T19:18:19","slug":"viestinvieja","status":"publish","type":"product","link":"https:\/\/minorpostcards.fi\/fi\/tuote\/kortit\/viestinvieja\/","title":{"rendered":"Viestinviej\u00e4"},"content":{"rendered":"<p>Korppi eli kaarne on iso musta varislintu. Ne ovat \u00e4lykk\u00e4it\u00e4 el\u00e4imi\u00e4, jotka osaavat k\u00e4ytt\u00e4\u00e4 ty\u00f6kaluja ja j\u00e4ljitell\u00e4 melkein mit\u00e4 tahansa \u00e4\u00e4nt\u00e4. Korppi on monen kulttuurin kansanperinteess\u00e4 arvostettu viisas lintu, jota on kunnioitettu. Se on yhdistetty \u00e4lykkyyteen, muutokseen, kuolemaan ja mysteereihin, jolloin se voi toimia viestinviej\u00e4n\u00e4 tai -tuojana el\u00e4vien ja kuolleiden maailmojen v\u00e4lill\u00e4. T\u00e4m\u00e4n kortin taustana oleva v\u00e4rik\u00e4s auringonlasku on Minor Postcardsin Minnan Rukalla kuvaama ja maisemaan on yhdistetty Minnan muualla kuvaama lent\u00e4v\u00e4 korppi.<\/p>\n<p>T\u00e4ss\u00e4 kortissa on kest\u00e4v\u00e4 mattapinnoite. Sen ansiosta kortin pinta tuntuu pehme\u00e4lle, melkein kankaiselle, ja sit\u00e4 voi hypistell\u00e4 vapaasti koska pintaan ei j\u00e4\u00e4 sormenj\u00e4lki\u00e4!<\/p>\n<p>Viimeistele kortti siihen sopivilla upeilla <a href=\"https:\/\/minorpostcards.fi\/fi\/tuote\/tarrat\/korppi-tarra-arkki\/\" target=\"_blank\" rel=\"noopener\">korppiaiheisilla tarroilla<\/a>!<\/p>\n","protected":false},"excerpt":{"rendered":"<p>Postikortti.<\/p>\n","protected":false},"featured_media":80760,"template":"","meta":[],"product_brand":[],"product_cat":[19],"product_tag":[132,337,304,191],"class_list":{"0":"post-80764","1":"product","2":"type-product","3":"status-publish","4":"has-post-thumbnail","6":"product_cat-kortit","7":"product_tag-elaimet","8":"product_tag-halloween-fi","9":"product_tag-mattapinta","10":"product_tag-syksy","11":"product_shipping_class-cards","13":"first","14":"instock","15":"taxable","16":"shipping-taxable","17":"purchasable","18":"product-type-simple"},"_links":{"self":[{"href":"https:\/\/minorpostcards.fi\/fi\/wp-json\/wp\/v2\/product\/80764","targetHints":{"allow":["GET"]}}],"collection":[{"href":"https:\/\/minorpostcards.fi\/fi\/wp-json\/wp\/v2\/product"}],"about":[{"href":"https:\/\/minorpostcards.fi\/fi\/wp-json\/wp\/v2\/types\/product"}],"wp:featuredmedia":[{"embeddable":true,"href":"https:\/\/minorpostcards.fi\/fi\/wp-json\/wp\/v2\/media\/80760"}],"wp:attachment":[{"href":"https:\/\/minorpostcards.fi\/fi\/wp-json\/wp\/v2\/media?parent=80764"}],"wp:term":[{"taxonomy":"product_brand","embeddable":true,"href":"https:\/\/minorpostcards.fi\/fi\/wp-json\/wp\/v2\/product_brand?post=80764"},{"taxonomy":"product_cat","embeddable":true,"href":"https:\/\/minorpostcards.fi\/fi\/wp-json\/wp\/v2\/product_cat?post=80764"},{"taxonomy":"product_tag","embeddable":true,"href":"https:\/\/minorpostcards.fi\/fi\/wp-json\/wp\/v2\/product_tag?post=80764"}],"curies":[{"name":"wp","href":"https:\/\/api.w.org\/{rel}","templated":true}]}}