{"id":80931,"date":"2025-07-03T09:59:19","date_gmt":"2025-07-03T06:59:19","guid":{"rendered":"https:\/\/minorpostcards.fi\/?post_type=product&#038;p=80931"},"modified":"2026-01-18T09:28:45","modified_gmt":"2026-01-18T07:28:45","slug":"kiitos-tarra-arkki","status":"publish","type":"product","link":"https:\/\/minorpostcards.fi\/fi\/tuote\/tarrat\/kiitos-tarra-arkki\/","title":{"rendered":"Kiitos &#8211; tarra-arkki"},"content":{"rendered":"<p>L\u00e4het\u00e4tk\u00f6 kiitoskortteja kavereillesi? Kortin saajan ei tarvitse mietti\u00e4 mist\u00e4 kortista on kyse, kun kortissa on t\u00e4m\u00e4 tarra!<\/p>\n<p>Tarramateriaali on kiilt\u00e4v\u00e4pintainen ja muotoonleikattujen tarrojen koko sopii t\u00e4ydellisesti korttien ja kirjekuorien koristeluun! N\u00e4m\u00e4 tarrat on tehty MidJourney AI -ohjelmalla, ja ne on tehnyt Minna Minor Postcardsilta.<\/p>\n<p>Arkin koko on 9,5 cm x 12,5 cm ja siin\u00e4 on 8 kukkamaljakko tarraa ja 3 pienemp\u00e4\u00e4 kiitostekstin sis\u00e4lt\u00e4v\u00e4\u00e4 tarraa.<\/p>\n","protected":false},"excerpt":{"rendered":"<p>L\u00e4het\u00e4tk\u00f6 kiitoskortteja kavereillesi? Kortin saajan ei tarvitse mietti\u00e4 mist\u00e4 kortista on kyse, kun kortissa on t\u00e4m\u00e4 tarra! Tarramateriaali on kiilt\u00e4v\u00e4pintainen ja muotoonleikattujen tarrojen koko sopii t\u00e4ydellisesti korttien ja kirjekuorien koristeluun! N\u00e4m\u00e4 tarrat on tehty MidJourney AI -ohjelmalla, ja ne on tehnyt Minna Minor Postcardsilta. Arkin koko on 9,5 cm x 12,5 cm ja siin\u00e4 on [&hellip;]<\/p>\n","protected":false},"featured_media":80939,"template":"","meta":[],"product_brand":[],"product_cat":[173],"product_tag":[305,245],"class_list":{"0":"post-80931","1":"product","2":"type-product","3":"status-publish","4":"has-post-thumbnail","6":"product_cat-tarrat","7":"product_tag-sekalaiset","8":"product_tag-tarrat","9":"product_shipping_class-cards","11":"first","12":"instock","13":"taxable","14":"shipping-taxable","15":"purchasable","16":"product-type-simple"},"_links":{"self":[{"href":"https:\/\/minorpostcards.fi\/fi\/wp-json\/wp\/v2\/product\/80931","targetHints":{"allow":["GET"]}}],"collection":[{"href":"https:\/\/minorpostcards.fi\/fi\/wp-json\/wp\/v2\/product"}],"about":[{"href":"https:\/\/minorpostcards.fi\/fi\/wp-json\/wp\/v2\/types\/product"}],"wp:featuredmedia":[{"embeddable":true,"href":"https:\/\/minorpostcards.fi\/fi\/wp-json\/wp\/v2\/media\/80939"}],"wp:attachment":[{"href":"https:\/\/minorpostcards.fi\/fi\/wp-json\/wp\/v2\/media?parent=80931"}],"wp:term":[{"taxonomy":"product_brand","embeddable":true,"href":"https:\/\/minorpostcards.fi\/fi\/wp-json\/wp\/v2\/product_brand?post=80931"},{"taxonomy":"product_cat","embeddable":true,"href":"https:\/\/minorpostcards.fi\/fi\/wp-json\/wp\/v2\/product_cat?post=80931"},{"taxonomy":"product_tag","embeddable":true,"href":"https:\/\/minorpostcards.fi\/fi\/wp-json\/wp\/v2\/product_tag?post=80931"}],"curies":[{"name":"wp","href":"https:\/\/api.w.org\/{rel}","templated":true}]}}