{"id":80933,"date":"2025-07-03T10:04:01","date_gmt":"2025-07-03T07:04:01","guid":{"rendered":"https:\/\/minorpostcards.fi\/?post_type=product&#038;p=80933"},"modified":"2026-04-24T11:06:30","modified_gmt":"2026-04-24T08:06:30","slug":"hippa-tarra-arkki","status":"publish","type":"product","link":"https:\/\/minorpostcards.fi\/fi\/tuote\/tarrat\/hippa-tarra-arkki\/","title":{"rendered":"Hippa &#8211; tarra-arkki"},"content":{"rendered":"<p>Harrastatko hippailua suomalaisilla postikorttifoorumeilla? Hippa-tarra kertoo vastaanottajalle heti mist\u00e4 l\u00e4hett\u00e4m\u00e4ss\u00e4si kortissa on kyse!<\/p>\n<p>Tarramateriaali on kiilt\u00e4v\u00e4pintainen ja muotoonleikattujen tarrojen koko sopii t\u00e4ydellisesti korttien ja kirjekuorien koristeluun! N\u00e4m\u00e4 tarrat on tehty MidJourney AI -ohjelmalla, ja ne on tehnyt Minna Minor Postcardsilta.<\/p>\n<p>Arkin koko on 9,5 cm x 12,5 cm ja siin\u00e4 on 12 tarraa.<\/p>\n","protected":false},"excerpt":{"rendered":"<p>Harrastatko hippailua suomalaisilla postikorttifoorumeilla? Hippa-tarra kertoo vastaanottajalle heti mist\u00e4 l\u00e4hett\u00e4m\u00e4ss\u00e4si kortissa on kyse! Tarramateriaali on kiilt\u00e4v\u00e4pintainen ja muotoonleikattujen tarrojen koko sopii t\u00e4ydellisesti korttien ja kirjekuorien koristeluun! N\u00e4m\u00e4 tarrat on tehty MidJourney AI -ohjelmalla, ja ne on tehnyt Minna Minor Postcardsilta. Arkin koko on 9,5 cm x 12,5 cm ja siin\u00e4 on 12 tarraa.<\/p>\n","protected":false},"featured_media":80941,"template":"","meta":[],"product_brand":[],"product_cat":[173],"product_tag":[305,245],"class_list":{"0":"post-80933","1":"product","2":"type-product","3":"status-publish","4":"has-post-thumbnail","6":"product_cat-tarrat","7":"product_tag-sekalaiset","8":"product_tag-tarrat","9":"product_shipping_class-cards","11":"first","12":"instock","13":"taxable","14":"shipping-taxable","15":"purchasable","16":"product-type-simple"},"_links":{"self":[{"href":"https:\/\/minorpostcards.fi\/fi\/wp-json\/wp\/v2\/product\/80933","targetHints":{"allow":["GET"]}}],"collection":[{"href":"https:\/\/minorpostcards.fi\/fi\/wp-json\/wp\/v2\/product"}],"about":[{"href":"https:\/\/minorpostcards.fi\/fi\/wp-json\/wp\/v2\/types\/product"}],"wp:featuredmedia":[{"embeddable":true,"href":"https:\/\/minorpostcards.fi\/fi\/wp-json\/wp\/v2\/media\/80941"}],"wp:attachment":[{"href":"https:\/\/minorpostcards.fi\/fi\/wp-json\/wp\/v2\/media?parent=80933"}],"wp:term":[{"taxonomy":"product_brand","embeddable":true,"href":"https:\/\/minorpostcards.fi\/fi\/wp-json\/wp\/v2\/product_brand?post=80933"},{"taxonomy":"product_cat","embeddable":true,"href":"https:\/\/minorpostcards.fi\/fi\/wp-json\/wp\/v2\/product_cat?post=80933"},{"taxonomy":"product_tag","embeddable":true,"href":"https:\/\/minorpostcards.fi\/fi\/wp-json\/wp\/v2\/product_tag?post=80933"}],"curies":[{"name":"wp","href":"https:\/\/api.w.org\/{rel}","templated":true}]}}