{"id":80935,"date":"2025-07-03T10:11:06","date_gmt":"2025-07-03T07:11:06","guid":{"rendered":"https:\/\/minorpostcards.fi\/?post_type=product&#038;p=80935"},"modified":"2026-04-24T11:06:29","modified_gmt":"2026-04-24T08:06:29","slug":"mita-kuuluu-tarra-arkki","status":"publish","type":"product","link":"https:\/\/minorpostcards.fi\/fi\/tuote\/tarrat\/mita-kuuluu-tarra-arkki\/","title":{"rendered":"Mit\u00e4 kuuluu &#8211; tarra-arkki"},"content":{"rendered":"<p>Tuleeko kortteja l\u00e4hett\u00e4ess\u00e4si vastaan toive omalla kielell\u00e4 kirjoitetusta lauseesta? T\u00e4ss\u00e4 arkissa on suomalaisille t\u00e4rkeit\u00e4 lauseita ja niiden k\u00e4\u00e4nn\u00f6s englanniksi.<\/p>\n<p>Tarramateriaali on kiilt\u00e4v\u00e4pintainen ja muotoonleikattujen tarrojen koko sopii t\u00e4ydellisesti korttien ja kirjekuorien koristeluun! N\u00e4m\u00e4 tarrat on tehty MidJourney AI -ohjelmalla, ja ne on tehnyt Minna Minor Postcardsilta.<\/p>\n<p>Arkin koko on 9,5 cm x 12,5 cm ja siin\u00e4 on 10 lauseparia sek\u00e4 lis\u00e4ksi 11 erillist\u00e4 emojitarraa.<\/p>\n","protected":false},"excerpt":{"rendered":"<p>Tuleeko kortteja l\u00e4hett\u00e4ess\u00e4si vastaan toive omalla kielell\u00e4 kirjoitetusta lauseesta? T\u00e4ss\u00e4 arkissa on suomalaisille t\u00e4rkeit\u00e4 lauseita ja niiden k\u00e4\u00e4nn\u00f6s englanniksi. Tarramateriaali on kiilt\u00e4v\u00e4pintainen ja muotoonleikattujen tarrojen koko sopii t\u00e4ydellisesti korttien ja kirjekuorien koristeluun! N\u00e4m\u00e4 tarrat on tehty MidJourney AI -ohjelmalla, ja ne on tehnyt Minna Minor Postcardsilta. Arkin koko on 9,5 cm x 12,5 cm ja [&hellip;]<\/p>\n","protected":false},"featured_media":80943,"template":"","meta":[],"product_brand":[],"product_cat":[173],"product_tag":[305,245],"class_list":{"0":"post-80935","1":"product","2":"type-product","3":"status-publish","4":"has-post-thumbnail","6":"product_cat-tarrat","7":"product_tag-sekalaiset","8":"product_tag-tarrat","9":"product_shipping_class-cards","11":"first","12":"instock","13":"taxable","14":"shipping-taxable","15":"purchasable","16":"product-type-simple"},"_links":{"self":[{"href":"https:\/\/minorpostcards.fi\/fi\/wp-json\/wp\/v2\/product\/80935","targetHints":{"allow":["GET"]}}],"collection":[{"href":"https:\/\/minorpostcards.fi\/fi\/wp-json\/wp\/v2\/product"}],"about":[{"href":"https:\/\/minorpostcards.fi\/fi\/wp-json\/wp\/v2\/types\/product"}],"wp:featuredmedia":[{"embeddable":true,"href":"https:\/\/minorpostcards.fi\/fi\/wp-json\/wp\/v2\/media\/80943"}],"wp:attachment":[{"href":"https:\/\/minorpostcards.fi\/fi\/wp-json\/wp\/v2\/media?parent=80935"}],"wp:term":[{"taxonomy":"product_brand","embeddable":true,"href":"https:\/\/minorpostcards.fi\/fi\/wp-json\/wp\/v2\/product_brand?post=80935"},{"taxonomy":"product_cat","embeddable":true,"href":"https:\/\/minorpostcards.fi\/fi\/wp-json\/wp\/v2\/product_cat?post=80935"},{"taxonomy":"product_tag","embeddable":true,"href":"https:\/\/minorpostcards.fi\/fi\/wp-json\/wp\/v2\/product_tag?post=80935"}],"curies":[{"name":"wp","href":"https:\/\/api.w.org\/{rel}","templated":true}]}}