{"id":81033,"date":"2025-10-14T13:22:19","date_gmt":"2025-10-14T10:22:19","guid":{"rendered":"https:\/\/minorpostcards.fi\/?post_type=product&#038;p=81033"},"modified":"2026-03-05T09:12:36","modified_gmt":"2026-03-05T07:12:36","slug":"pariton-sukka-tarra-arkki","status":"publish","type":"product","link":"https:\/\/minorpostcards.fi\/fi\/tuote\/tarrat\/pariton-sukka-tarra-arkki\/","title":{"rendered":"Pariton sukka &#8211; tarra-arkki"},"content":{"rendered":"<p>Kun syksy tulee ja ilma viilenee, on aika kaivaa esille villavaatteet: l\u00e4mpim\u00e4t pipot, muhkeat huivit, v\u00e4rikk\u00e4\u00e4t lapaset ja villasukat. Tai jos ei niit\u00e4 viel\u00e4 ole, on korkea aika alkaa neuloa! Arkin neuleiden ja lankojen murretut v\u00e4rit toistavat ruskamets\u00e4n v\u00e4rej\u00e4 ja ne k\u00e4yv\u00e4t syksyn kortteihin loistavasti.<\/p>\n<p>Tarramateriaali on kiilt\u00e4v\u00e4pintainen ja muotoonleikattujen tarrojen koko sopii t\u00e4ydellisesti korttien ja kirjekuorien koristeluun! N\u00e4m\u00e4 tarrat on tehty MidJourney AI -ohjelmalla, ja ne on tehnyt Minna Minor Postcardsilta.<\/p>\n<p>Arkin koko on 9,5 cm x 12,5 cm ja siin\u00e4 on 22 tarraa.<\/p>\n","protected":false},"excerpt":{"rendered":"<p>Kun syksy tulee ja ilma viilenee, on aika kaivaa esille villavaatteet: l\u00e4mpim\u00e4t pipot, muhkeat huivit, v\u00e4rikk\u00e4\u00e4t lapaset ja villasukat. Tai jos ei niit\u00e4 viel\u00e4 ole, on korkea aika alkaa neuloa! Arkin neuleiden ja lankojen murretut v\u00e4rit toistavat ruskamets\u00e4n v\u00e4rej\u00e4 ja ne k\u00e4yv\u00e4t syksyn kortteihin loistavasti. Tarramateriaali on kiilt\u00e4v\u00e4pintainen ja muotoonleikattujen tarrojen koko sopii t\u00e4ydellisesti korttien [&hellip;]<\/p>\n","protected":false},"featured_media":81035,"template":"","meta":[],"product_brand":[],"product_cat":[173],"product_tag":[305,245],"class_list":{"0":"post-81033","1":"product","2":"type-product","3":"status-publish","4":"has-post-thumbnail","6":"product_cat-tarrat","7":"product_tag-sekalaiset","8":"product_tag-tarrat","9":"product_shipping_class-cards","11":"first","12":"instock","13":"taxable","14":"shipping-taxable","15":"purchasable","16":"product-type-simple"},"_links":{"self":[{"href":"https:\/\/minorpostcards.fi\/fi\/wp-json\/wp\/v2\/product\/81033","targetHints":{"allow":["GET"]}}],"collection":[{"href":"https:\/\/minorpostcards.fi\/fi\/wp-json\/wp\/v2\/product"}],"about":[{"href":"https:\/\/minorpostcards.fi\/fi\/wp-json\/wp\/v2\/types\/product"}],"wp:featuredmedia":[{"embeddable":true,"href":"https:\/\/minorpostcards.fi\/fi\/wp-json\/wp\/v2\/media\/81035"}],"wp:attachment":[{"href":"https:\/\/minorpostcards.fi\/fi\/wp-json\/wp\/v2\/media?parent=81033"}],"wp:term":[{"taxonomy":"product_brand","embeddable":true,"href":"https:\/\/minorpostcards.fi\/fi\/wp-json\/wp\/v2\/product_brand?post=81033"},{"taxonomy":"product_cat","embeddable":true,"href":"https:\/\/minorpostcards.fi\/fi\/wp-json\/wp\/v2\/product_cat?post=81033"},{"taxonomy":"product_tag","embeddable":true,"href":"https:\/\/minorpostcards.fi\/fi\/wp-json\/wp\/v2\/product_tag?post=81033"}],"curies":[{"name":"wp","href":"https:\/\/api.w.org\/{rel}","templated":true}]}}