{"id":81068,"date":"2025-10-28T10:54:55","date_gmt":"2025-10-28T08:54:55","guid":{"rendered":"https:\/\/minorpostcards.fi\/?post_type=product&#038;p=81068"},"modified":"2026-04-03T22:18:19","modified_gmt":"2026-04-03T19:18:19","slug":"taikaelainkirjat-tarra-arkki","status":"publish","type":"product","link":"https:\/\/minorpostcards.fi\/fi\/tuote\/tarrat\/taikaelainkirjat-tarra-arkki\/","title":{"rendered":"Taikael\u00e4inkirjat &#8211; tarra-arkki"},"content":{"rendered":"<p>Jotkut el\u00e4imet yhdistet\u00e4\u00e4n vahvasti taikuuteen, mystiikkaan ja henkimaailmaan. N\u00e4m\u00e4 t\u00e4m\u00e4n arkin el\u00e4imet korppi, p\u00f6ll\u00f6, sammakko ja susi her\u00e4\u00e4v\u00e4t eloon ja nousevat esiin j\u00e4nnitt\u00e4vist\u00e4 tarinoista kirjojen sivuilta.<\/p>\n<p>Tarramateriaali on kiilt\u00e4v\u00e4pintainen ja muotoonleikattujen tarrojen koko sopii t\u00e4ydellisesti korttien ja kirjekuorien koristeluun! N\u00e4m\u00e4 tarrat on tehty MidJourney AI -ohjelmalla, ja ne on tehnyt Minna Minor Postcardsilta.<\/p>\n<p>Arkin koko on 9,5 cm x 12,5 cm ja siin\u00e4 on 16 tarraa.<\/p>\n","protected":false},"excerpt":{"rendered":"<p>Jotkut el\u00e4imet yhdistet\u00e4\u00e4n vahvasti taikuuteen, mystiikkaan ja henkimaailmaan. N\u00e4m\u00e4 t\u00e4m\u00e4n arkin el\u00e4imet korppi, p\u00f6ll\u00f6, sammakko ja susi her\u00e4\u00e4v\u00e4t eloon ja nousevat esiin j\u00e4nnitt\u00e4vist\u00e4 tarinoista kirjojen sivuilta. Tarramateriaali on kiilt\u00e4v\u00e4pintainen ja muotoonleikattujen tarrojen koko sopii t\u00e4ydellisesti korttien ja kirjekuorien koristeluun! N\u00e4m\u00e4 tarrat on tehty MidJourney AI -ohjelmalla, ja ne on tehnyt Minna Minor Postcardsilta. Arkin koko [&hellip;]<\/p>\n","protected":false},"featured_media":81070,"template":"","meta":[],"product_brand":[],"product_cat":[173],"product_tag":[337,305,245],"class_list":{"0":"post-81068","1":"product","2":"type-product","3":"status-publish","4":"has-post-thumbnail","6":"product_cat-tarrat","7":"product_tag-halloween-fi","8":"product_tag-sekalaiset","9":"product_tag-tarrat","10":"product_shipping_class-cards","12":"first","13":"instock","14":"taxable","15":"shipping-taxable","16":"purchasable","17":"product-type-simple"},"_links":{"self":[{"href":"https:\/\/minorpostcards.fi\/fi\/wp-json\/wp\/v2\/product\/81068","targetHints":{"allow":["GET"]}}],"collection":[{"href":"https:\/\/minorpostcards.fi\/fi\/wp-json\/wp\/v2\/product"}],"about":[{"href":"https:\/\/minorpostcards.fi\/fi\/wp-json\/wp\/v2\/types\/product"}],"wp:featuredmedia":[{"embeddable":true,"href":"https:\/\/minorpostcards.fi\/fi\/wp-json\/wp\/v2\/media\/81070"}],"wp:attachment":[{"href":"https:\/\/minorpostcards.fi\/fi\/wp-json\/wp\/v2\/media?parent=81068"}],"wp:term":[{"taxonomy":"product_brand","embeddable":true,"href":"https:\/\/minorpostcards.fi\/fi\/wp-json\/wp\/v2\/product_brand?post=81068"},{"taxonomy":"product_cat","embeddable":true,"href":"https:\/\/minorpostcards.fi\/fi\/wp-json\/wp\/v2\/product_cat?post=81068"},{"taxonomy":"product_tag","embeddable":true,"href":"https:\/\/minorpostcards.fi\/fi\/wp-json\/wp\/v2\/product_tag?post=81068"}],"curies":[{"name":"wp","href":"https:\/\/api.w.org\/{rel}","templated":true}]}}