{"id":81438,"date":"2026-04-11T13:11:53","date_gmt":"2026-04-11T10:11:53","guid":{"rendered":"https:\/\/minorpostcards.fi\/?post_type=product&#038;p=81438"},"modified":"2026-04-12T19:24:57","modified_gmt":"2026-04-12T16:24:57","slug":"kapea-washi-teippi-4-pakkaus","status":"publish","type":"product","link":"https:\/\/minorpostcards.fi\/fi\/tuote\/muut\/washi-teipit\/kapea-washi-teippi-4-pakkaus\/","title":{"rendered":"Kapea washi-teippi 4 pakkaus"},"content":{"rendered":"<p>Tilaa kerralla kapeat erilaiset washi-teipit! Nelj\u00e4n rullan setiss\u00e4 on seuraavat 5 mm leve\u00e4t teipit: <a href=\"https:\/\/minorpostcards.fi\/fi\/tuote\/muut\/washi-teipit\/sininen-kartta-kapea-washi-teippi\/\" target=\"_blank\" rel=\"noopener\">Sininen kartta,<\/a>\u00a0<a href=\"https:\/\/minorpostcards.fi\/fi\/tuote\/muut\/washi-teipit\/varikas-sydan-kapea-washi-teippi\/\" target=\"_blank\" rel=\"noopener\">V\u00e4rik\u00e4s syd\u00e4n<\/a>, <a href=\"https:\/\/minorpostcards.fi\/fi\/tuote\/muut\/washi-teipit\/suomen-lippu-kapea-washi-teippi\/\" target=\"_blank\" rel=\"noopener\">Suomen lippu<\/a> ja Sulka.<\/p>\n<p>Washiteippi on l\u00e4pikuultava, paperista tehty teippi. Teippi\u00e4 voi k\u00e4ytt\u00e4\u00e4 erilaisten vihkojen ja muistikirjojen koristelussa, siihen voi kirjoittaa ja se katkeaa helposti rep\u00e4isem\u00e4ll\u00e4. Teipin voi irrottaa, sen voi liimata uudelleen eik\u00e4 siit\u00e4 j\u00e4\u00e4 liimaj\u00e4lke\u00e4 kuten tavallisesta teipist\u00e4. Teippi kest\u00e4\u00e4 my\u00f6s postikortissa ja kirjekuoressa ja se on vedenkest\u00e4v\u00e4.<\/p>\n<div>Paketin teippimallit ovat Minor Postcardsin omia malleja, joita on saatavilla vain meilt\u00e4.<\/div>\n<div><\/div>\n<div>Liima, painatus ja materiaali ovat hyv\u00e4laatuisia, yksitt\u00e4isen teipin koko 5 mm x 10m. Jokainen teippi on myynniss\u00e4 my\u00f6s erikseen, mutta paketissa saat ne nyt paljon edullisemmin.<\/div>\n","protected":false},"excerpt":{"rendered":"<p>Nelj\u00e4n kapean washi-teipin setti.<\/p>\n","protected":false},"featured_media":81506,"template":"","meta":[],"product_brand":[],"product_cat":[274],"product_tag":[276],"class_list":{"0":"post-81438","1":"product","2":"type-product","3":"status-publish","4":"has-post-thumbnail","6":"product_cat-washi-teipit","7":"product_tag-washi-fi","8":"product_shipping_class-cards","10":"first","11":"instock","12":"taxable","13":"shipping-taxable","14":"purchasable","15":"product-type-simple"},"_links":{"self":[{"href":"https:\/\/minorpostcards.fi\/fi\/wp-json\/wp\/v2\/product\/81438","targetHints":{"allow":["GET"]}}],"collection":[{"href":"https:\/\/minorpostcards.fi\/fi\/wp-json\/wp\/v2\/product"}],"about":[{"href":"https:\/\/minorpostcards.fi\/fi\/wp-json\/wp\/v2\/types\/product"}],"wp:featuredmedia":[{"embeddable":true,"href":"https:\/\/minorpostcards.fi\/fi\/wp-json\/wp\/v2\/media\/81506"}],"wp:attachment":[{"href":"https:\/\/minorpostcards.fi\/fi\/wp-json\/wp\/v2\/media?parent=81438"}],"wp:term":[{"taxonomy":"product_brand","embeddable":true,"href":"https:\/\/minorpostcards.fi\/fi\/wp-json\/wp\/v2\/product_brand?post=81438"},{"taxonomy":"product_cat","embeddable":true,"href":"https:\/\/minorpostcards.fi\/fi\/wp-json\/wp\/v2\/product_cat?post=81438"},{"taxonomy":"product_tag","embeddable":true,"href":"https:\/\/minorpostcards.fi\/fi\/wp-json\/wp\/v2\/product_tag?post=81438"}],"curies":[{"name":"wp","href":"https:\/\/api.w.org\/{rel}","templated":true}]}}