{"id":81444,"date":"2026-03-16T15:12:47","date_gmt":"2026-03-16T13:12:47","guid":{"rendered":"https:\/\/minorpostcards.fi\/?post_type=product&#038;p=81444"},"modified":"2026-04-30T15:53:53","modified_gmt":"2026-04-30T12:53:53","slug":"postikarhu-washi-teippi","status":"publish","type":"product","link":"https:\/\/minorpostcards.fi\/fi\/tuote\/muut\/washi-teipit\/postikarhu-washi-teippi\/","title":{"rendered":"Postikarhu washi-teippi"},"content":{"rendered":"<p>Karhu on Suomen kansallisel\u00e4in ja siksi karhu postinkantajana sopii t\u00e4ydellisesti koristamaan Suomesta l\u00e4htev\u00e4\u00e4 postia. Postcrossaajien k\u00e4ytt\u00f6\u00f6n suunniteltu tarra toivottaa tietysti Happy Postcrossing!<\/p>\n<p>Washiteippi on l\u00e4pikuultava, paperista tehty teippi. Teippi\u00e4 voi k\u00e4ytt\u00e4\u00e4 erilaisten vihkojen ja muistikirjojen koristelussa, siihen voi kirjoittaa ja se katkeaa helposti rep\u00e4isem\u00e4ll\u00e4. Teipin voi irrottaa, sen voi liimata uudelleen eik\u00e4 siit\u00e4 j\u00e4\u00e4 liimaj\u00e4lke\u00e4 kuten tavallisesta teipist\u00e4. Teippi kest\u00e4\u00e4 my\u00f6s postikortissa ja kirjekuoressa ja se on vedenkest\u00e4v\u00e4.<\/p>\n<div>T\u00e4m\u00e4 karhu on tehty MidJourney AI -ohjelmalla, ja sen on tehnyt Minna Minor Postcardsilta. Teippi on Minor Postcardsin oma malli, jota on saatavilla vain meilt\u00e4.<\/div>\n<div><\/div>\n<div>Liima, painatus ja materiaali ovat hyv\u00e4laatuisia, teipin koko 15mm x 10m.<\/p>\n<p>T\u00e4m\u00e4 kiireinen postinkantaja l\u00f6ytyy my\u00f6s tarra-arkeista <a href=\"https:\/\/minorpostcards.fi\/fi\/tuote\/tarrat\/postikarhu-tarra-arkki\/\" target=\"_blank\" rel=\"noopener\">Postikarhu<\/a> ja <a href=\"https:\/\/minorpostcards.fi\/fi\/tuote\/tarrat\/hiihtava-postikarhu-tarra-arkki\/\" target=\"_blank\" rel=\"noopener\">Hiiht\u00e4v\u00e4 postikarhu<\/a>.<\/div>\n","protected":false},"excerpt":{"rendered":"<p>Rulla washiteippi\u00e4.<\/p>\n","protected":false},"featured_media":81569,"template":"","meta":[],"product_brand":[],"product_cat":[274],"product_tag":[275,276],"class_list":{"0":"post-81444","1":"product","2":"type-product","3":"status-publish","4":"has-post-thumbnail","6":"product_cat-washi-teipit","7":"product_tag-postcrossing-fi","8":"product_tag-washi-fi","9":"product_shipping_class-cards","11":"first","12":"instock","13":"taxable","14":"shipping-taxable","15":"purchasable","16":"product-type-simple"},"_links":{"self":[{"href":"https:\/\/minorpostcards.fi\/fi\/wp-json\/wp\/v2\/product\/81444","targetHints":{"allow":["GET"]}}],"collection":[{"href":"https:\/\/minorpostcards.fi\/fi\/wp-json\/wp\/v2\/product"}],"about":[{"href":"https:\/\/minorpostcards.fi\/fi\/wp-json\/wp\/v2\/types\/product"}],"wp:featuredmedia":[{"embeddable":true,"href":"https:\/\/minorpostcards.fi\/fi\/wp-json\/wp\/v2\/media\/81569"}],"wp:attachment":[{"href":"https:\/\/minorpostcards.fi\/fi\/wp-json\/wp\/v2\/media?parent=81444"}],"wp:term":[{"taxonomy":"product_brand","embeddable":true,"href":"https:\/\/minorpostcards.fi\/fi\/wp-json\/wp\/v2\/product_brand?post=81444"},{"taxonomy":"product_cat","embeddable":true,"href":"https:\/\/minorpostcards.fi\/fi\/wp-json\/wp\/v2\/product_cat?post=81444"},{"taxonomy":"product_tag","embeddable":true,"href":"https:\/\/minorpostcards.fi\/fi\/wp-json\/wp\/v2\/product_tag?post=81444"}],"curies":[{"name":"wp","href":"https:\/\/api.w.org\/{rel}","templated":true}]}}