{"id":81446,"date":"2026-03-16T14:46:08","date_gmt":"2026-03-16T12:46:08","guid":{"rendered":"https:\/\/minorpostcards.fi\/?post_type=product&#038;p=81446"},"modified":"2026-04-30T16:29:20","modified_gmt":"2026-04-30T13:29:20","slug":"kahvikupit-washi-teippi","status":"publish","type":"product","link":"https:\/\/minorpostcards.fi\/fi\/tuote\/muut\/washi-teipit\/kahvikupit-washi-teippi\/","title":{"rendered":"Kahvikupit washi-teippi"},"content":{"rendered":"<p>Suomessa juodaan eniten kahvia henke\u00e4 kohti maailmassa, yli kolme kuppia p\u00e4iv\u00e4ss\u00e4! Siksi t\u00e4m\u00e4 washi-teippi sopii t\u00e4ydellisesti suomalaisille.<\/p>\n<p>Washiteippi on l\u00e4pikuultava, paperista tehty teippi. Teippi\u00e4 voi k\u00e4ytt\u00e4\u00e4 erilaisten vihkojen ja muistikirjojen koristelussa, siihen voi kirjoittaa ja se katkeaa helposti rep\u00e4isem\u00e4ll\u00e4. Teipin voi irrottaa, sen voi liimata uudelleen eik\u00e4 siit\u00e4 j\u00e4\u00e4 liimaj\u00e4lke\u00e4 kuten tavallisesta teipist\u00e4. Teippi kest\u00e4\u00e4 my\u00f6s postikortissa ja kirjekuoressa ja se on vedenkest\u00e4v\u00e4.<\/p>\n<div><\/div>\n<div>T\u00e4m\u00e4 teippimalli on Ronjan kuvittama Minor Postcardsin oma malli, jota on saatavilla vain meilt\u00e4.<\/div>\n<div><\/div>\n<div>\n<p>Liima, painatus ja materiaali ovat hyv\u00e4laatuisia, teipin koko 15mm x 10m.<\/p>\n<p>Samoja iloisia kahvikuppeja l\u00f6ytyy my\u00f6s tarra-arkista <a href=\"https:\/\/minorpostcards.fi\/fi\/tuote\/tarrat\/kahvikupit-tarra-arkki\/\" target=\"_blank\" rel=\"noopener\">Kahvikupit<\/a> ja kahviaiheisia postikortteja ovat: <a href=\"https:\/\/minorpostcards.fi\/fi\/tuote\/kortit\/kahvia-kaikille\/\" target=\"_blank\" rel=\"noopener\">Kahvia kaikille<\/a>, <a href=\"https:\/\/minorpostcards.fi\/fi\/tuote\/kortit\/evaskahvi\/\" target=\"_blank\" rel=\"noopener\">Ev\u00e4skahvi<\/a>, <a href=\"https:\/\/minorpostcards.fi\/fi\/tuote\/kortit\/mustaa-kahvia\/\" target=\"_blank\" rel=\"noopener\">Mustaa kahvia<\/a> ja <a href=\"https:\/\/minorpostcards.fi\/fi\/tuote\/kortit\/kuppi-kuumaa-kahvia\/\" target=\"_blank\" rel=\"noopener\">Kuppi kuumaa kahvia<\/a>.<\/p>\n<\/div>\n","protected":false},"excerpt":{"rendered":"<p>Rulla washiteippi\u00e4.<\/p>\n","protected":false},"featured_media":81568,"template":"","meta":[],"product_brand":[],"product_cat":[274],"product_tag":[276],"class_list":{"0":"post-81446","1":"product","2":"type-product","3":"status-publish","4":"has-post-thumbnail","6":"product_cat-washi-teipit","7":"product_tag-washi-fi","8":"product_shipping_class-cards","10":"first","11":"instock","12":"taxable","13":"shipping-taxable","14":"purchasable","15":"product-type-simple"},"_links":{"self":[{"href":"https:\/\/minorpostcards.fi\/fi\/wp-json\/wp\/v2\/product\/81446","targetHints":{"allow":["GET"]}}],"collection":[{"href":"https:\/\/minorpostcards.fi\/fi\/wp-json\/wp\/v2\/product"}],"about":[{"href":"https:\/\/minorpostcards.fi\/fi\/wp-json\/wp\/v2\/types\/product"}],"wp:featuredmedia":[{"embeddable":true,"href":"https:\/\/minorpostcards.fi\/fi\/wp-json\/wp\/v2\/media\/81568"}],"wp:attachment":[{"href":"https:\/\/minorpostcards.fi\/fi\/wp-json\/wp\/v2\/media?parent=81446"}],"wp:term":[{"taxonomy":"product_brand","embeddable":true,"href":"https:\/\/minorpostcards.fi\/fi\/wp-json\/wp\/v2\/product_brand?post=81446"},{"taxonomy":"product_cat","embeddable":true,"href":"https:\/\/minorpostcards.fi\/fi\/wp-json\/wp\/v2\/product_cat?post=81446"},{"taxonomy":"product_tag","embeddable":true,"href":"https:\/\/minorpostcards.fi\/fi\/wp-json\/wp\/v2\/product_tag?post=81446"}],"curies":[{"name":"wp","href":"https:\/\/api.w.org\/{rel}","templated":true}]}}