{"id":81448,"date":"2026-03-16T15:41:16","date_gmt":"2026-03-16T13:41:16","guid":{"rendered":"https:\/\/minorpostcards.fi\/?post_type=product&#038;p=81448"},"modified":"2026-04-30T14:55:02","modified_gmt":"2026-04-30T11:55:02","slug":"hevoset-washi-teippi","status":"publish","type":"product","link":"https:\/\/minorpostcards.fi\/fi\/tuote\/muut\/washi-teipit\/hevoset-washi-teippi\/","title":{"rendered":"Hevoset washi-teippi"},"content":{"rendered":"<p>T\u00e4m\u00e4n teipin ideana on hevosen vuosi. Kiinalaisen horoskoopin mukaan hevosen vuosi alkaa 17. helmikuuta 2026 ja p\u00e4\u00e4ttyy 5. helmikuuta 2027. Teipiss\u00e4 lauma villihevosia laukkaa niityn poikki kohti katsojaa. Teippi on kuvitettu vain hevosilla, joten se sopii t\u00e4ydellisesti hevosten yst\u00e4ville mihin aikaan tahansa!<\/p>\n<p>Washiteippi on l\u00e4pikuultava, paperista tehty teippi. Teippi\u00e4 voi k\u00e4ytt\u00e4\u00e4 erilaisten vihkojen ja muistikirjojen koristelussa, siihen voi kirjoittaa ja se katkeaa helposti rep\u00e4isem\u00e4ll\u00e4. Teipin voi irrottaa, sen voi liimata uudelleen eik\u00e4 siit\u00e4 j\u00e4\u00e4 liimaj\u00e4lke\u00e4 kuten tavallisesta teipist\u00e4. Teippi kest\u00e4\u00e4 my\u00f6s postikortissa ja kirjekuoressa ja se on vedenkest\u00e4v\u00e4.<\/p>\n<div>T\u00e4m\u00e4n teipin kuvitus on tehty MidJourney AI -ohjelmalla, ja sen on tehnyt Minna Minor Postcardsilta. Teippi on Minor Postcardsin oma malli, jota on saatavilla vain meilt\u00e4.<\/div>\n<div><\/div>\n<div>\n<p>Liima, painatus ja materiaali ovat hyv\u00e4laatuisia, teipin koko 15mm x 10m.<\/p>\n<p>Erityiset &#8221;Hevosen vuosi&#8221; tarra-arkit ovat <a href=\"https:\/\/minorpostcards.fi\/fi\/tuote\/tarrat\/mustavalkea-hevonen-tarra-arkki\/\" target=\"_blank\" rel=\"noopener\">Mustavalkea hevonen<\/a> ja <a href=\"https:\/\/minorpostcards.fi\/fi\/tuote\/tarrat\/kukkahevonen-tarra-arkki\/\" target=\"_blank\" rel=\"noopener\">Kukkahevonen<\/a>.<\/p>\n<\/div>\n","protected":false},"excerpt":{"rendered":"<p>Rulla washiteippi\u00e4.<\/p>\n","protected":false},"featured_media":81570,"template":"","meta":[],"product_brand":[],"product_cat":[274],"product_tag":[276],"class_list":{"0":"post-81448","1":"product","2":"type-product","3":"status-publish","4":"has-post-thumbnail","6":"product_cat-washi-teipit","7":"product_tag-washi-fi","8":"product_shipping_class-cards","10":"first","11":"instock","12":"taxable","13":"shipping-taxable","14":"purchasable","15":"product-type-simple"},"_links":{"self":[{"href":"https:\/\/minorpostcards.fi\/fi\/wp-json\/wp\/v2\/product\/81448","targetHints":{"allow":["GET"]}}],"collection":[{"href":"https:\/\/minorpostcards.fi\/fi\/wp-json\/wp\/v2\/product"}],"about":[{"href":"https:\/\/minorpostcards.fi\/fi\/wp-json\/wp\/v2\/types\/product"}],"wp:featuredmedia":[{"embeddable":true,"href":"https:\/\/minorpostcards.fi\/fi\/wp-json\/wp\/v2\/media\/81570"}],"wp:attachment":[{"href":"https:\/\/minorpostcards.fi\/fi\/wp-json\/wp\/v2\/media?parent=81448"}],"wp:term":[{"taxonomy":"product_brand","embeddable":true,"href":"https:\/\/minorpostcards.fi\/fi\/wp-json\/wp\/v2\/product_brand?post=81448"},{"taxonomy":"product_cat","embeddable":true,"href":"https:\/\/minorpostcards.fi\/fi\/wp-json\/wp\/v2\/product_cat?post=81448"},{"taxonomy":"product_tag","embeddable":true,"href":"https:\/\/minorpostcards.fi\/fi\/wp-json\/wp\/v2\/product_tag?post=81448"}],"curies":[{"name":"wp","href":"https:\/\/api.w.org\/{rel}","templated":true}]}}