{"id":81450,"date":"2026-03-16T17:51:55","date_gmt":"2026-03-16T15:51:55","guid":{"rendered":"https:\/\/minorpostcards.fi\/?post_type=product&#038;p=81450"},"modified":"2026-04-30T16:11:38","modified_gmt":"2026-04-30T13:11:38","slug":"sukat-ja-lapaset-washi-teippi","status":"publish","type":"product","link":"https:\/\/minorpostcards.fi\/fi\/tuote\/muut\/washi-teipit\/sukat-ja-lapaset-washi-teippi\/","title":{"rendered":"Sukat ja lapaset washi-teippi"},"content":{"rendered":"<p>Neulominen on suosittu k\u00e4sity\u00f6 ja loistava ajanviete. T\u00e4ss\u00e4 teippimallissa on l\u00e4mpimi\u00e4 hattuja, pehmoisia huiveja, v\u00e4rikk\u00e4it\u00e4 lapasia ja villasukkia hillityiss\u00e4 syksyn v\u00e4reiss\u00e4. Yhdess\u00e4 sinisten lumihiutaleiden kanssa teippi n\u00e4ytt\u00e4\u00e4 upealta ja on &#8221;must&#8221; hankinta kaikille neulojille.<\/p>\n<p>Washiteippi on l\u00e4pikuultava, paperista tehty teippi. Teippi\u00e4 voi k\u00e4ytt\u00e4\u00e4 erilaisten vihkojen ja muistikirjojen koristelussa, siihen voi kirjoittaa ja se katkeaa helposti rep\u00e4isem\u00e4ll\u00e4. Teipin voi irrottaa, sen voi liimata uudelleen eik\u00e4 siit\u00e4 j\u00e4\u00e4 liimaj\u00e4lke\u00e4 kuten tavallisesta teipist\u00e4. Teippi kest\u00e4\u00e4 my\u00f6s postikortissa ja kirjekuoressa ja se on vedenkest\u00e4v\u00e4.<\/p>\n<div>T\u00e4m\u00e4n teipin kuvitus on tehty MidJourney AI -ohjelmalla, ja sen on tehnyt Minna Minor Postcardsilta. Teippi on Minor Postcardsin oma malli, jota on saatavilla vain meilt\u00e4.<\/div>\n<div><\/div>\n<div>\n<p>Liima, painatus ja materiaali ovat hyv\u00e4laatuisia, teipin koko 15mm x 10m.<\/p>\n<p>Samoja neuleaiheita l\u00f6ytyy tarra-arkista <a href=\"https:\/\/minorpostcards.fi\/fi\/tuote\/tarrat\/pariton-sukka-tarra-arkki\/\" target=\"_blank\" rel=\"noopener\">Pariton sukka<\/a>.<\/p>\n<\/div>\n","protected":false},"excerpt":{"rendered":"<p>Rulla washiteippi\u00e4.<\/p>\n","protected":false},"featured_media":81571,"template":"","meta":[],"product_brand":[],"product_cat":[274],"product_tag":[276],"class_list":{"0":"post-81450","1":"product","2":"type-product","3":"status-publish","4":"has-post-thumbnail","6":"product_cat-washi-teipit","7":"product_tag-washi-fi","8":"product_shipping_class-cards","10":"first","11":"instock","12":"taxable","13":"shipping-taxable","14":"purchasable","15":"product-type-simple"},"_links":{"self":[{"href":"https:\/\/minorpostcards.fi\/fi\/wp-json\/wp\/v2\/product\/81450","targetHints":{"allow":["GET"]}}],"collection":[{"href":"https:\/\/minorpostcards.fi\/fi\/wp-json\/wp\/v2\/product"}],"about":[{"href":"https:\/\/minorpostcards.fi\/fi\/wp-json\/wp\/v2\/types\/product"}],"wp:featuredmedia":[{"embeddable":true,"href":"https:\/\/minorpostcards.fi\/fi\/wp-json\/wp\/v2\/media\/81571"}],"wp:attachment":[{"href":"https:\/\/minorpostcards.fi\/fi\/wp-json\/wp\/v2\/media?parent=81450"}],"wp:term":[{"taxonomy":"product_brand","embeddable":true,"href":"https:\/\/minorpostcards.fi\/fi\/wp-json\/wp\/v2\/product_brand?post=81450"},{"taxonomy":"product_cat","embeddable":true,"href":"https:\/\/minorpostcards.fi\/fi\/wp-json\/wp\/v2\/product_cat?post=81450"},{"taxonomy":"product_tag","embeddable":true,"href":"https:\/\/minorpostcards.fi\/fi\/wp-json\/wp\/v2\/product_tag?post=81450"}],"curies":[{"name":"wp","href":"https:\/\/api.w.org\/{rel}","templated":true}]}}