{"id":81452,"date":"2026-03-16T19:00:20","date_gmt":"2026-03-16T17:00:20","guid":{"rendered":"https:\/\/minorpostcards.fi\/?post_type=product&#038;p=81452"},"modified":"2026-04-30T16:10:26","modified_gmt":"2026-04-30T13:10:26","slug":"syksyn-satoa-washi-teippi","status":"publish","type":"product","link":"https:\/\/minorpostcards.fi\/fi\/tuote\/muut\/washi-teipit\/syksyn-satoa-washi-teippi\/","title":{"rendered":"Syksyn satoa washi-teippi"},"content":{"rendered":"<p>Mets\u00e4 on t\u00e4ynn\u00e4 erilaisia \u200b\u200bherkullisia sieni\u00e4 syksyll\u00e4. T\u00e4m\u00e4n washi-teipin kuvista l\u00f6ytyy niist\u00e4 muutamia.<\/p>\n<p>Washiteippi on l\u00e4pikuultava, paperista tehty teippi. Teippi\u00e4 voi k\u00e4ytt\u00e4\u00e4 erilaisten vihkojen ja muistikirjojen koristelussa, siihen voi kirjoittaa ja se katkeaa helposti rep\u00e4isem\u00e4ll\u00e4. Teipin voi irrottaa, sen voi liimata uudelleen eik\u00e4 siit\u00e4 j\u00e4\u00e4 liimaj\u00e4lke\u00e4 kuten tavallisesta teipist\u00e4. Teippi kest\u00e4\u00e4 my\u00f6s postikortissa ja kirjekuoressa ja se on vedenkest\u00e4v\u00e4.<\/p>\n<div>T\u00e4m\u00e4 teippimalli on Minorin Ronjan kuvittama Minor Postcardsin oma malli, jota on saatavilla vain meilt\u00e4.<\/div>\n<div><\/div>\n<div>\n<p>Liima, painatus ja materiaali ovat hyv\u00e4laatuisia, teipin koko 15mm x 10m.<\/p>\n<p>Samoja sieniaiheita l\u00f6ytyy tarra-arkista <a href=\"https:\/\/minorpostcards.fi\/fi\/tuote\/tarrat\/syksyn-satoa-tarra-arkki\/\" target=\"_blank\" rel=\"noopener\">Syksyn satoa<\/a> ja postikortista <a href=\"https:\/\/minorpostcards.fi\/product\/all\/postcards\/map-made-of-mushrooms-sienikartta\/\" target=\"_blank\" rel=\"noopener\">Sienikartta<\/a>.<\/p>\n<\/div>\n","protected":false},"excerpt":{"rendered":"<p>Rulla washiteippi\u00e4.<\/p>\n","protected":false},"featured_media":81572,"template":"","meta":[],"product_brand":[],"product_cat":[274],"product_tag":[276],"class_list":{"0":"post-81452","1":"product","2":"type-product","3":"status-publish","4":"has-post-thumbnail","6":"product_cat-washi-teipit","7":"product_tag-washi-fi","8":"product_shipping_class-cards","10":"first","11":"instock","12":"taxable","13":"shipping-taxable","14":"purchasable","15":"product-type-simple"},"_links":{"self":[{"href":"https:\/\/minorpostcards.fi\/fi\/wp-json\/wp\/v2\/product\/81452","targetHints":{"allow":["GET"]}}],"collection":[{"href":"https:\/\/minorpostcards.fi\/fi\/wp-json\/wp\/v2\/product"}],"about":[{"href":"https:\/\/minorpostcards.fi\/fi\/wp-json\/wp\/v2\/types\/product"}],"wp:featuredmedia":[{"embeddable":true,"href":"https:\/\/minorpostcards.fi\/fi\/wp-json\/wp\/v2\/media\/81572"}],"wp:attachment":[{"href":"https:\/\/minorpostcards.fi\/fi\/wp-json\/wp\/v2\/media?parent=81452"}],"wp:term":[{"taxonomy":"product_brand","embeddable":true,"href":"https:\/\/minorpostcards.fi\/fi\/wp-json\/wp\/v2\/product_brand?post=81452"},{"taxonomy":"product_cat","embeddable":true,"href":"https:\/\/minorpostcards.fi\/fi\/wp-json\/wp\/v2\/product_cat?post=81452"},{"taxonomy":"product_tag","embeddable":true,"href":"https:\/\/minorpostcards.fi\/fi\/wp-json\/wp\/v2\/product_tag?post=81452"}],"curies":[{"name":"wp","href":"https:\/\/api.w.org\/{rel}","templated":true}]}}