{"id":81453,"date":"2026-03-16T19:13:52","date_gmt":"2026-03-16T17:13:52","guid":{"rendered":"https:\/\/minorpostcards.fi\/?post_type=product&#038;p=81453"},"modified":"2026-04-30T16:09:25","modified_gmt":"2026-04-30T13:09:25","slug":"sauna-vaakasuunta-washi-teippi","status":"publish","type":"product","link":"https:\/\/minorpostcards.fi\/fi\/tuote\/muut\/washi-teipit\/sauna-vaakasuunta-washi-teippi\/","title":{"rendered":"Sauna (vaakasuunta) washi-teippi"},"content":{"rendered":"<p>Sauna-aiheiset washi-teipit ovat vihdoinkin valmiit! T\u00e4ss\u00e4 teipiss\u00e4 on sanat SAUNA ja BASTU saunavastojen, l\u00f6ylykauhojen ja \u00e4mp\u00e4rien kanssa. T\u00e4m\u00e4 teippi sopii t\u00e4ydellisesti vaakasuoraan k\u00e4ytt\u00f6\u00f6n, pystysuoraa tarvetta varten kannattaa valita <a href=\"https:\/\/minorpostcards.fi\/fi\/?post_type=product&amp;p=81456\" target=\"_blank\" rel=\"noopener\">Sauna (pystysuunta)<\/a> washi-teippi.<\/p>\n<p>Washiteippi on l\u00e4pikuultava, paperista tehty teippi. Teippi\u00e4 voi k\u00e4ytt\u00e4\u00e4 erilaisten vihkojen ja muistikirjojen koristelussa, siihen voi kirjoittaa ja se katkeaa helposti rep\u00e4isem\u00e4ll\u00e4. Teipin voi irrottaa, sen voi liimata uudelleen eik\u00e4 siit\u00e4 j\u00e4\u00e4 liimaj\u00e4lke\u00e4 kuten tavallisesta teipist\u00e4. Teippi kest\u00e4\u00e4 my\u00f6s postikortissa ja kirjekuoressa ja se on vedenkest\u00e4v\u00e4.<\/p>\n<div>T\u00e4m\u00e4 teippimalli on Minorin Ronjan kuvittama Minor Postcardsin oma malli, jota on saatavilla vain meilt\u00e4.<\/div>\n<div><\/div>\n<div>\n<p>Liima, painatus ja materiaali ovat hyv\u00e4laatuisia, teipin koko 15mm x 10m.<\/p>\n<p>Samoja sauna-aiheita l\u00f6ytyy tarra-arkista <a href=\"https:\/\/minorpostcards.fi\/fi\/tuote\/tarrat\/sauna-bastu-tarra-arkki\/\" target=\"_blank\" rel=\"noopener\">Sauna Bastu<\/a>.<\/p>\n<\/div>\n","protected":false},"excerpt":{"rendered":"<p>Rulla washiteippi\u00e4.<\/p>\n","protected":false},"featured_media":81573,"template":"","meta":[],"product_brand":[],"product_cat":[274],"product_tag":[276],"class_list":{"0":"post-81453","1":"product","2":"type-product","3":"status-publish","4":"has-post-thumbnail","6":"product_cat-washi-teipit","7":"product_tag-washi-fi","9":"first","10":"instock","11":"taxable","12":"shipping-taxable","13":"purchasable","14":"product-type-simple"},"_links":{"self":[{"href":"https:\/\/minorpostcards.fi\/fi\/wp-json\/wp\/v2\/product\/81453","targetHints":{"allow":["GET"]}}],"collection":[{"href":"https:\/\/minorpostcards.fi\/fi\/wp-json\/wp\/v2\/product"}],"about":[{"href":"https:\/\/minorpostcards.fi\/fi\/wp-json\/wp\/v2\/types\/product"}],"wp:featuredmedia":[{"embeddable":true,"href":"https:\/\/minorpostcards.fi\/fi\/wp-json\/wp\/v2\/media\/81573"}],"wp:attachment":[{"href":"https:\/\/minorpostcards.fi\/fi\/wp-json\/wp\/v2\/media?parent=81453"}],"wp:term":[{"taxonomy":"product_brand","embeddable":true,"href":"https:\/\/minorpostcards.fi\/fi\/wp-json\/wp\/v2\/product_brand?post=81453"},{"taxonomy":"product_cat","embeddable":true,"href":"https:\/\/minorpostcards.fi\/fi\/wp-json\/wp\/v2\/product_cat?post=81453"},{"taxonomy":"product_tag","embeddable":true,"href":"https:\/\/minorpostcards.fi\/fi\/wp-json\/wp\/v2\/product_tag?post=81453"}],"curies":[{"name":"wp","href":"https:\/\/api.w.org\/{rel}","templated":true}]}}