{"id":841,"date":"2012-07-22T09:23:39","date_gmt":"2012-08-14T15:32:31","guid":{"rendered":"http:\/\/minorpostcards.fi\/product\/digitaalisia-kuvia-digital-images\/kaleidoscope-pyrography\/"},"modified":"2012-08-14T19:12:58","modified_gmt":"2012-08-14T19:12:58","slug":"kaleidoscope-pyrography","status":"publish","type":"product","link":"https:\/\/minorpostcards.fi\/fi\/tuote\/korttikirjat\/digitaalisia-kuvia-digital-images\/kaleidoscope-pyrography\/","title":{"rendered":"Kaleidoscope Pyrography"},"content":{"rendered":"<p>Polttopiirustus on puun tai nahkan kuvioimista polttamalla. L\u00e4ht\u00f6kuvana t\u00e4h\u00e4n kaleidoskooppikuvaan oli valokuva nuotiosta.<\/p>\n<p>T\u00e4m\u00e4 kortti l\u00f6ytyy <a href=\"https:\/\/minorpostcards.fi\/fi\/product\/digitaalisia-kuvia-digital-images\/digital-images-digitaalisia-kuvia\/\">&#8221;Digitaalisia kuvia&#8221;<\/a>\u00a0-korttikirjasta, jossa on 21 korttia. Kirjan hinta on 16 euroa.<\/p>\n<p class=\"product woocommerce add_to_cart_inline \" style=\"border:4px solid #ccc; padding: 12px;\"><del aria-hidden=\"true\"><span class=\"woocommerce-Price-amount amount\"><bdi>16.00&nbsp;<span class=\"woocommerce-Price-currencySymbol\">&euro;<\/span><\/bdi><\/span><\/del> <span class=\"screen-reader-text\">Alkuper\u00e4inen hinta oli: 16.00&nbsp;&euro;.<\/span><ins aria-hidden=\"true\"><span class=\"woocommerce-Price-amount amount\"><bdi>8.00&nbsp;<span class=\"woocommerce-Price-currencySymbol\">&euro;<\/span><\/bdi><\/span><\/ins><span class=\"screen-reader-text\">Nykyinen hinta on: 8.00&nbsp;&euro;.<\/span> <small class=\"woocommerce-price-suffix\">(ei alv. rek)<\/small><a href=\"https:\/\/minorpostcards.fi\/fi\/?post_type=product&#038;p=801\" aria-describedby=\"woocommerce_loop_add_to_cart_link_describedby_801\" data-quantity=\"1\" class=\"button product_type_simple\" data-product_id=\"801\" data-product_sku=\"K03A\" aria-label=\"Lue lis\u00e4\u00e4 &ldquo;Digital images - Digitaalisia kuvia&rdquo; asiasta\" rel=\"nofollow\" data-success_message=\"\">Lue lis\u00e4\u00e4<\/a>\t<span id=\"woocommerce_loop_add_to_cart_link_describedby_801\" class=\"screen-reader-text\">\n\t\t\t<\/span>\n<\/p>\n<p>Klikkaamalla alla olevaa kuvaa p\u00e4\u00e4set katsomaan kaikkia korttikirjassa olevia kortteja.<\/p>\n<p><a href=\"https:\/\/minorpostcards.fi\/fi\/products\/kaikki\/korttikirjat\/digitaalisia-kuvia-digital-images\/\"><img loading=\"lazy\" decoding=\"async\" title=\"Digital images - Digitaalisia kuvia\" src=\"http:\/\/minorpostcards.fi\/wp-content\/uploads\/2012\/07\/Digital-images-Digitaalisia-kuvia-300x216.jpg\" alt=\"\" width=\"300\" height=\"216\" \/><\/a><\/p>\n","protected":false},"excerpt":{"rendered":"<p>Postikorttikirjasta &#8221;Digitaalisia kuvia&#8221;.<\/p>\n","protected":false},"featured_media":3764,"template":"","meta":[],"product_brand":[],"product_cat":[87],"product_tag":[],"class_list":{"0":"post-841","1":"product","2":"type-product","3":"status-publish","4":"has-post-thumbnail","6":"product_cat-digitaalisia-kuvia-digital-images","7":"product_shipping_class-cards","9":"first","10":"instock","11":"taxable","12":"shipping-taxable","13":"product-type-simple"},"_links":{"self":[{"href":"https:\/\/minorpostcards.fi\/fi\/wp-json\/wp\/v2\/product\/841","targetHints":{"allow":["GET"]}}],"collection":[{"href":"https:\/\/minorpostcards.fi\/fi\/wp-json\/wp\/v2\/product"}],"about":[{"href":"https:\/\/minorpostcards.fi\/fi\/wp-json\/wp\/v2\/types\/product"}],"wp:featuredmedia":[{"embeddable":true,"href":"https:\/\/minorpostcards.fi\/fi\/wp-json\/wp\/v2\/media\/3764"}],"wp:attachment":[{"href":"https:\/\/minorpostcards.fi\/fi\/wp-json\/wp\/v2\/media?parent=841"}],"wp:term":[{"taxonomy":"product_brand","embeddable":true,"href":"https:\/\/minorpostcards.fi\/fi\/wp-json\/wp\/v2\/product_brand?post=841"},{"taxonomy":"product_cat","embeddable":true,"href":"https:\/\/minorpostcards.fi\/fi\/wp-json\/wp\/v2\/product_cat?post=841"},{"taxonomy":"product_tag","embeddable":true,"href":"https:\/\/minorpostcards.fi\/fi\/wp-json\/wp\/v2\/product_tag?post=841"}],"curies":[{"name":"wp","href":"https:\/\/api.w.org\/{rel}","templated":true}]}}