{"id":896,"date":"2012-07-22T12:13:27","date_gmt":"2012-08-14T18:42:51","guid":{"rendered":"http:\/\/minorpostcards.fi\/product\/ihmisia-ennen-vanhaan-people-from-the-past\/saturday-night-lauantai-ilta\/"},"modified":"2012-11-15T15:28:22","modified_gmt":"2012-11-15T15:28:22","slug":"saturday-night-lauantai-ilta","status":"publish","type":"product","link":"https:\/\/minorpostcards.fi\/fi\/tuote\/korttikirjat\/ihmisia-ennen-vanhaan-people-from-the-past\/saturday-night-lauantai-ilta\/","title":{"rendered":"Saturday night &#8211; Lauantai-ilta"},"content":{"rendered":"<p>Ennen ei ollut m\u00e4yr\u00e4koirapakkauksia, pari pulloa olutta riitti lauantai-iltana. Heikki- pappa on kuvassa \u00e4\u00e4rimm\u00e4isen\u00e4 vasemmalla lippalakki p\u00e4\u00e4ss\u00e4.<\/p>\n<p>T\u00e4m\u00e4 kortti l\u00f6ytyy <a href=\"https:\/\/minorpostcards.fi\/fi\/product\/ihmisia-ennen-vanhaan-people-from-the-past\/people-from-the-past-ihmisia-ennen-vanhaan\/\">&#8221;Ihmisi\u00e4 ennen vanhaan&#8221;<\/a>\u00a0-korttikirjasta, jossa on 21 korttia. Kirjan hinta on 16 euroa.<\/p>\n<p class=\"product woocommerce add_to_cart_inline \" style=\"border:4px solid #ccc; padding: 12px;\"><del aria-hidden=\"true\"><span class=\"woocommerce-Price-amount amount\"><bdi>16.00&nbsp;<span class=\"woocommerce-Price-currencySymbol\">&euro;<\/span><\/bdi><\/span><\/del> <span class=\"screen-reader-text\">Alkuper\u00e4inen hinta oli: 16.00&nbsp;&euro;.<\/span><ins aria-hidden=\"true\"><span class=\"woocommerce-Price-amount amount\"><bdi>8.00&nbsp;<span class=\"woocommerce-Price-currencySymbol\">&euro;<\/span><\/bdi><\/span><\/ins><span class=\"screen-reader-text\">Nykyinen hinta on: 8.00&nbsp;&euro;.<\/span> <small class=\"woocommerce-price-suffix\">(ei alv. rek)<\/small><a href=\"https:\/\/minorpostcards.fi\/fi\/?post_type=product&#038;p=868\" aria-describedby=\"woocommerce_loop_add_to_cart_link_describedby_868\" data-quantity=\"1\" class=\"button product_type_simple\" data-product_id=\"868\" data-product_sku=\"K04A\" aria-label=\"Lue lis\u00e4\u00e4 &ldquo;People from the past - Ihmisi\u00e4 ennen vanhaan&rdquo; asiasta\" rel=\"nofollow\" data-success_message=\"\">Lue lis\u00e4\u00e4<\/a>\t<span id=\"woocommerce_loop_add_to_cart_link_describedby_868\" class=\"screen-reader-text\">\n\t\t\t<\/span>\n<\/p>\n<p>Klikkaamalla alla olevaa kuvaa p\u00e4\u00e4set katsomaan kaikkia korttikirjassa olevia kortteja.<\/p>\n<p><a href=\"https:\/\/minorpostcards.fi\/fi\/products\/kaikki\/korttikirjat\/ihmisia-ennen-vanhaan-people-from-the-past\"><img loading=\"lazy\" decoding=\"async\" class=\"alignnone size-medium wp-image-858\" title=\"People from the past - Ihmisi\u00e4 ennen vanhaan\" src=\"https:\/\/minorpostcards.fi\/wp-content\/uploads\/2012\/07\/People-from-the-past-Ihmisi\u00e4-ennen-vanhaan.jpg\" alt=\"\" width=\"300\" height=\"216\" srcset=\"https:\/\/minorpostcards.fi\/wp-content\/uploads\/2012\/07\/People-from-the-past-Ihmisi\u00e4-ennen-vanhaan.jpg 800w, https:\/\/minorpostcards.fi\/wp-content\/uploads\/2012\/07\/People-from-the-past-Ihmisi\u00e4-ennen-vanhaan-324x234.jpg 324w, https:\/\/minorpostcards.fi\/wp-content\/uploads\/2012\/07\/People-from-the-past-Ihmisi\u00e4-ennen-vanhaan-416x300.jpg 416w, https:\/\/minorpostcards.fi\/wp-content\/uploads\/2012\/07\/People-from-the-past-Ihmisi\u00e4-ennen-vanhaan-648x467.jpg 648w\" sizes=\"auto, (max-width: 300px) 100vw, 300px\" \/><\/a><\/p>\n<p>Tuote on saatavilla my\u00f6s\u00a0yksitt\u00e4isen\u00e4 korttina.<\/p>\n\n","protected":false},"excerpt":{"rendered":"<p>Postikorttikirjasta &#8221;Ihmisi\u00e4 ennen vanhaan&#8221;.<\/p>\n","protected":false},"featured_media":861,"template":"","meta":[],"product_brand":[],"product_cat":[89],"product_tag":[],"class_list":{"0":"post-896","1":"product","2":"type-product","3":"status-publish","4":"has-post-thumbnail","6":"product_cat-ihmisia-ennen-vanhaan-people-from-the-past","7":"product_shipping_class-cards","9":"first","10":"instock","11":"taxable","12":"shipping-taxable","13":"product-type-simple"},"_links":{"self":[{"href":"https:\/\/minorpostcards.fi\/fi\/wp-json\/wp\/v2\/product\/896","targetHints":{"allow":["GET"]}}],"collection":[{"href":"https:\/\/minorpostcards.fi\/fi\/wp-json\/wp\/v2\/product"}],"about":[{"href":"https:\/\/minorpostcards.fi\/fi\/wp-json\/wp\/v2\/types\/product"}],"wp:featuredmedia":[{"embeddable":true,"href":"https:\/\/minorpostcards.fi\/fi\/wp-json\/wp\/v2\/media\/861"}],"wp:attachment":[{"href":"https:\/\/minorpostcards.fi\/fi\/wp-json\/wp\/v2\/media?parent=896"}],"wp:term":[{"taxonomy":"product_brand","embeddable":true,"href":"https:\/\/minorpostcards.fi\/fi\/wp-json\/wp\/v2\/product_brand?post=896"},{"taxonomy":"product_cat","embeddable":true,"href":"https:\/\/minorpostcards.fi\/fi\/wp-json\/wp\/v2\/product_cat?post=896"},{"taxonomy":"product_tag","embeddable":true,"href":"https:\/\/minorpostcards.fi\/fi\/wp-json\/wp\/v2\/product_tag?post=896"}],"curies":[{"name":"wp","href":"https:\/\/api.w.org\/{rel}","templated":true}]}}