{"id":898,"date":"2012-07-22T12:15:16","date_gmt":"2012-08-14T15:46:29","guid":{"rendered":"http:\/\/minorpostcards.fi\/product\/ihmisia-ennen-vanhaan-people-from-the-past\/hide-and-seek-piilosilla\/"},"modified":"2012-11-15T15:28:10","modified_gmt":"2012-11-15T15:28:10","slug":"hide-and-seek-piilosilla","status":"publish","type":"product","link":"https:\/\/minorpostcards.fi\/fi\/tuote\/korttikirjat\/ihmisia-ennen-vanhaan-people-from-the-past\/hide-and-seek-piilosilla\/","title":{"rendered":"Hide and seek &#8211; Piilosilla"},"content":{"rendered":"<p>Ehk\u00e4 tyt\u00f6t ovat asettuneet ruispellon reunalle kuvaajan pyynn\u00f6st\u00e4 &#8211; tai ehk\u00e4 he ovat olleet piilossa ja kuvaaja on l\u00f6yt\u00e4nyt heid\u00e4t. \ud83d\ude00<\/p>\n<p>T\u00e4m\u00e4 kortti l\u00f6ytyy <a href=\"https:\/\/minorpostcards.fi\/fi\/product\/ihmisia-ennen-vanhaan-people-from-the-past\/people-from-the-past-ihmisia-ennen-vanhaan\/\">&#8221;Ihmisi\u00e4 ennen vanhaan&#8221;<\/a>\u00a0-korttikirjasta, jossa on 21 korttia. Kirjan hinta on 16 euroa.<\/p>\n<p class=\"product woocommerce add_to_cart_inline \" style=\"border:4px solid #ccc; padding: 12px;\"><del aria-hidden=\"true\"><span class=\"woocommerce-Price-amount amount\"><bdi>16.00&nbsp;<span class=\"woocommerce-Price-currencySymbol\">&euro;<\/span><\/bdi><\/span><\/del> <span class=\"screen-reader-text\">Alkuper\u00e4inen hinta oli: 16.00&nbsp;&euro;.<\/span><ins aria-hidden=\"true\"><span class=\"woocommerce-Price-amount amount\"><bdi>8.00&nbsp;<span class=\"woocommerce-Price-currencySymbol\">&euro;<\/span><\/bdi><\/span><\/ins><span class=\"screen-reader-text\">Nykyinen hinta on: 8.00&nbsp;&euro;.<\/span> <small class=\"woocommerce-price-suffix\">(ei alv. rek)<\/small><a href=\"https:\/\/minorpostcards.fi\/fi\/?post_type=product&#038;p=868\" aria-describedby=\"woocommerce_loop_add_to_cart_link_describedby_868\" data-quantity=\"1\" class=\"button product_type_simple\" data-product_id=\"868\" data-product_sku=\"K04A\" aria-label=\"Lue lis\u00e4\u00e4 &ldquo;People from the past - Ihmisi\u00e4 ennen vanhaan&rdquo; asiasta\" rel=\"nofollow\" data-success_message=\"\">Lue lis\u00e4\u00e4<\/a>\t<span id=\"woocommerce_loop_add_to_cart_link_describedby_868\" class=\"screen-reader-text\">\n\t\t\t<\/span>\n<\/p>\n<p>Klikkaamalla alla olevaa kuvaa p\u00e4\u00e4set katsomaan kaikkia korttikirjassa olevia kortteja.<\/p>\n<p><a href=\"https:\/\/minorpostcards.fi\/fi\/products\/kaikki\/korttikirjat\/ihmisia-ennen-vanhaan-people-from-the-past\"><img loading=\"lazy\" decoding=\"async\" class=\"alignnone size-medium wp-image-858\" title=\"People from the past - Ihmisi\u00e4 ennen vanhaan\" src=\"https:\/\/minorpostcards.fi\/wp-content\/uploads\/2012\/07\/People-from-the-past-Ihmisi\u00e4-ennen-vanhaan.jpg\" alt=\"\" width=\"300\" height=\"216\" srcset=\"https:\/\/minorpostcards.fi\/wp-content\/uploads\/2012\/07\/People-from-the-past-Ihmisi\u00e4-ennen-vanhaan.jpg 800w, https:\/\/minorpostcards.fi\/wp-content\/uploads\/2012\/07\/People-from-the-past-Ihmisi\u00e4-ennen-vanhaan-324x234.jpg 324w, https:\/\/minorpostcards.fi\/wp-content\/uploads\/2012\/07\/People-from-the-past-Ihmisi\u00e4-ennen-vanhaan-416x300.jpg 416w, https:\/\/minorpostcards.fi\/wp-content\/uploads\/2012\/07\/People-from-the-past-Ihmisi\u00e4-ennen-vanhaan-648x467.jpg 648w\" sizes=\"auto, (max-width: 300px) 100vw, 300px\" \/><\/a><\/p>\n<p>Tuote on saatavilla my\u00f6s\u00a0yksitt\u00e4isen\u00e4 korttina.<\/p>\n<p class=\"product woocommerce add_to_cart_inline \" style=\"border:4px solid #ccc; padding: 12px;\"><del aria-hidden=\"true\"><span class=\"woocommerce-Price-amount amount\"><bdi>0.90&nbsp;<span class=\"woocommerce-Price-currencySymbol\">&euro;<\/span><\/bdi><\/span><\/del> <span class=\"screen-reader-text\">Alkuper\u00e4inen hinta oli: 0.90&nbsp;&euro;.<\/span><ins aria-hidden=\"true\"><span class=\"woocommerce-Price-amount amount\"><bdi>0.50&nbsp;<span class=\"woocommerce-Price-currencySymbol\">&euro;<\/span><\/bdi><\/span><\/ins><span class=\"screen-reader-text\">Nykyinen hinta on: 0.50&nbsp;&euro;.<\/span> <small class=\"woocommerce-price-suffix\">(ei alv. rek)<\/small><a href=\"https:\/\/minorpostcards.fi\/fi\/?post_type=product&#038;p=1091\" aria-describedby=\"woocommerce_loop_add_to_cart_link_describedby_1091\" data-quantity=\"1\" class=\"button product_type_simple\" data-product_id=\"1091\" data-product_sku=\"0413A\" aria-label=\"Lue lis\u00e4\u00e4 &ldquo;Hide and seek - Piilosilla&rdquo; asiasta\" rel=\"nofollow\" data-success_message=\"\">Lue lis\u00e4\u00e4<\/a>\t<span id=\"woocommerce_loop_add_to_cart_link_describedby_1091\" class=\"screen-reader-text\">\n\t\t\t<\/span>\n<\/p>\n","protected":false},"excerpt":{"rendered":"<p>Postikorttikirjasta &#8221;Ihmisi\u00e4 ennen vanhaan&#8221;.<\/p>\n","protected":false},"featured_media":852,"template":"","meta":[],"product_brand":[],"product_cat":[89],"product_tag":[],"class_list":{"0":"post-898","1":"product","2":"type-product","3":"status-publish","4":"has-post-thumbnail","6":"product_cat-ihmisia-ennen-vanhaan-people-from-the-past","7":"product_shipping_class-cards","9":"first","10":"instock","11":"taxable","12":"shipping-taxable","13":"product-type-simple"},"_links":{"self":[{"href":"https:\/\/minorpostcards.fi\/fi\/wp-json\/wp\/v2\/product\/898","targetHints":{"allow":["GET"]}}],"collection":[{"href":"https:\/\/minorpostcards.fi\/fi\/wp-json\/wp\/v2\/product"}],"about":[{"href":"https:\/\/minorpostcards.fi\/fi\/wp-json\/wp\/v2\/types\/product"}],"wp:featuredmedia":[{"embeddable":true,"href":"https:\/\/minorpostcards.fi\/fi\/wp-json\/wp\/v2\/media\/852"}],"wp:attachment":[{"href":"https:\/\/minorpostcards.fi\/fi\/wp-json\/wp\/v2\/media?parent=898"}],"wp:term":[{"taxonomy":"product_brand","embeddable":true,"href":"https:\/\/minorpostcards.fi\/fi\/wp-json\/wp\/v2\/product_brand?post=898"},{"taxonomy":"product_cat","embeddable":true,"href":"https:\/\/minorpostcards.fi\/fi\/wp-json\/wp\/v2\/product_cat?post=898"},{"taxonomy":"product_tag","embeddable":true,"href":"https:\/\/minorpostcards.fi\/fi\/wp-json\/wp\/v2\/product_tag?post=898"}],"curies":[{"name":"wp","href":"https:\/\/api.w.org\/{rel}","templated":true}]}}