{"id":9005,"date":"2019-05-04T07:46:23","date_gmt":"2019-05-04T07:46:23","guid":{"rendered":"https:\/\/minorpostcards.fi\/product\/Ei-luokiteltu\/mail-postcrossing-washi-teippi\/"},"modified":"2026-01-02T09:17:45","modified_gmt":"2026-01-02T07:17:45","slug":"mail-postcrossing-washi-teippi","status":"publish","type":"product","link":"https:\/\/minorpostcards.fi\/fi\/tuote\/muut\/washi-teipit\/mail-postcrossing-washi-teippi\/","title":{"rendered":"Mail Postcrossing washi-teippi"},"content":{"rendered":"<p>T\u00e4ss\u00e4 washi-teipiss\u00e4 yhdistyy postcrossing-harrastus tuttuun sini-punaiseen lentopostin kirjekuorien tunnusraitaan.<\/p>\n<div><\/div>\n<p>Washiteippi on l\u00e4pikuultava, paperista tehty teippi. Teippi\u00e4 voi k\u00e4ytt\u00e4\u00e4 erilaisten vihkojen ja muistikirjojen koristelussa, siihen voi kirjoittaa ja se katkeaa helposti rep\u00e4isem\u00e4ll\u00e4. Teipin voi irrottaa, sen voi liimata uudelleen eik\u00e4 siit\u00e4 j\u00e4\u00e4 liimaj\u00e4lke\u00e4 kuten tavallisesta teipist\u00e4. Teippi kest\u00e4\u00e4 my\u00f6s postikortissa ja kirjekuoressa ja se on vedenkest\u00e4v\u00e4.<\/p>\n<div><\/div>\n<div>T\u00e4m\u00e4 teippimalli on Minor Postcardsin oma malli, jota on saatavilla vain meilt\u00e4.<\/div>\n<div><\/div>\n<div>Liima, painatus ja materiaali ovat hyv\u00e4laatuisia, teipin koko 15mm x 10m.<\/div>\n","protected":false},"excerpt":{"rendered":"<p>Rulla washiteippi\u00e4.<\/p>\n","protected":false},"featured_media":8964,"template":"","meta":[],"product_brand":[],"product_cat":[274],"product_tag":[275,276],"class_list":{"0":"post-9005","1":"product","2":"type-product","3":"status-publish","4":"has-post-thumbnail","6":"product_cat-washi-teipit","7":"product_tag-postcrossing-fi","8":"product_tag-washi-fi","9":"product_shipping_class-cards","11":"first","12":"outofstock","13":"taxable","14":"shipping-taxable","15":"purchasable","16":"product-type-simple"},"_links":{"self":[{"href":"https:\/\/minorpostcards.fi\/fi\/wp-json\/wp\/v2\/product\/9005","targetHints":{"allow":["GET"]}}],"collection":[{"href":"https:\/\/minorpostcards.fi\/fi\/wp-json\/wp\/v2\/product"}],"about":[{"href":"https:\/\/minorpostcards.fi\/fi\/wp-json\/wp\/v2\/types\/product"}],"wp:featuredmedia":[{"embeddable":true,"href":"https:\/\/minorpostcards.fi\/fi\/wp-json\/wp\/v2\/media\/8964"}],"wp:attachment":[{"href":"https:\/\/minorpostcards.fi\/fi\/wp-json\/wp\/v2\/media?parent=9005"}],"wp:term":[{"taxonomy":"product_brand","embeddable":true,"href":"https:\/\/minorpostcards.fi\/fi\/wp-json\/wp\/v2\/product_brand?post=9005"},{"taxonomy":"product_cat","embeddable":true,"href":"https:\/\/minorpostcards.fi\/fi\/wp-json\/wp\/v2\/product_cat?post=9005"},{"taxonomy":"product_tag","embeddable":true,"href":"https:\/\/minorpostcards.fi\/fi\/wp-json\/wp\/v2\/product_tag?post=9005"}],"curies":[{"name":"wp","href":"https:\/\/api.w.org\/{rel}","templated":true}]}}