{"id":9012,"date":"2019-05-04T09:15:57","date_gmt":"2019-05-04T09:15:57","guid":{"rendered":"https:\/\/minorpostcards.fi\/?post_type=product&#038;p=9012"},"modified":"2026-04-21T11:36:03","modified_gmt":"2026-04-21T08:36:03","slug":"postisydamet-washi-teippi","status":"publish","type":"product","link":"https:\/\/minorpostcards.fi\/fi\/tuote\/muut\/washi-teipit\/postisydamet-washi-teippi\/","title":{"rendered":"Postisyd\u00e4met washi-teippi"},"content":{"rendered":"<p>T\u00e4m\u00e4n washi-teipin moniv\u00e4riset syd\u00e4met on kuvioitu postiin liittyvill\u00e4 aiheilla kuten postimerkeill\u00e4 ja postileimoilla. Samaa kuviointia on kolmessa eri tarra-arkissa: <a href=\"https:\/\/minorpostcards.fi\/fi\/tuote\/tarrat\/sininen-sydan-tarra-arkki\/\" target=\"_blank\" rel=\"noopener noreferrer\">Sininen syd\u00e4n<\/a>, <a href=\"https:\/\/minorpostcards.fi\/fi\/tuote\/tarrat\/punainen-sydan-tarra-arkki\/\" target=\"_blank\" rel=\"noopener noreferrer\">Punainen syd\u00e4n<\/a> ja <a href=\"https:\/\/minorpostcards.fi\/fi\/tuote\/tarrat\/monivarinen-sydan-tarra-arkki\/\" target=\"_blank\" rel=\"noopener noreferrer\">Moniv\u00e4rinen syd\u00e4n<\/a>.<\/p>\n<div><\/div>\n<p>Washiteippi on l\u00e4pikuultava, paperista tehty teippi. Teippi\u00e4 voi k\u00e4ytt\u00e4\u00e4 erilaisten vihkojen ja muistikirjojen koristelussa, siihen voi kirjoittaa ja se katkeaa helposti rep\u00e4isem\u00e4ll\u00e4. Teipin voi irrottaa, sen voi liimata uudelleen eik\u00e4 siit\u00e4 j\u00e4\u00e4 liimaj\u00e4lke\u00e4 kuten tavallisesta teipist\u00e4. Teippi kest\u00e4\u00e4 my\u00f6s postikortissa ja kirjekuoressa ja se on vedenkest\u00e4v\u00e4.<\/p>\n<div><\/div>\n<div>T\u00e4m\u00e4 teippimalli on Minor Postcardsin oma malli, jota on saatavilla vain meilt\u00e4.<\/div>\n<div><\/div>\n<div>Liima, painatus ja materiaali ovat hyv\u00e4laatuisia, teipin koko 15mm x 10m.<\/div>\n","protected":false},"excerpt":{"rendered":"<p>Rulla washiteippi\u00e4.<\/p>\n","protected":false},"featured_media":8972,"template":"","meta":[],"product_brand":[],"product_cat":[274],"product_tag":[276],"class_list":{"0":"post-9012","1":"product","2":"type-product","3":"status-publish","4":"has-post-thumbnail","6":"product_cat-washi-teipit","7":"product_tag-washi-fi","8":"product_shipping_class-cards","10":"first","11":"instock","12":"taxable","13":"shipping-taxable","14":"purchasable","15":"product-type-simple"},"_links":{"self":[{"href":"https:\/\/minorpostcards.fi\/fi\/wp-json\/wp\/v2\/product\/9012","targetHints":{"allow":["GET"]}}],"collection":[{"href":"https:\/\/minorpostcards.fi\/fi\/wp-json\/wp\/v2\/product"}],"about":[{"href":"https:\/\/minorpostcards.fi\/fi\/wp-json\/wp\/v2\/types\/product"}],"wp:featuredmedia":[{"embeddable":true,"href":"https:\/\/minorpostcards.fi\/fi\/wp-json\/wp\/v2\/media\/8972"}],"wp:attachment":[{"href":"https:\/\/minorpostcards.fi\/fi\/wp-json\/wp\/v2\/media?parent=9012"}],"wp:term":[{"taxonomy":"product_brand","embeddable":true,"href":"https:\/\/minorpostcards.fi\/fi\/wp-json\/wp\/v2\/product_brand?post=9012"},{"taxonomy":"product_cat","embeddable":true,"href":"https:\/\/minorpostcards.fi\/fi\/wp-json\/wp\/v2\/product_cat?post=9012"},{"taxonomy":"product_tag","embeddable":true,"href":"https:\/\/minorpostcards.fi\/fi\/wp-json\/wp\/v2\/product_tag?post=9012"}],"curies":[{"name":"wp","href":"https:\/\/api.w.org\/{rel}","templated":true}]}}