{"id":904,"date":"2012-07-22T12:22:47","date_gmt":"2012-08-14T15:43:50","guid":{"rendered":"http:\/\/minorpostcards.fi\/product\/ihmisia-ennen-vanhaan-people-from-the-past\/foot-loose-levottomat-jalat\/"},"modified":"2012-11-15T15:27:56","modified_gmt":"2012-11-15T15:27:56","slug":"foot-loose-levottomat-jalat","status":"publish","type":"product","link":"https:\/\/minorpostcards.fi\/fi\/tuote\/korttikirjat\/ihmisia-ennen-vanhaan-people-from-the-past\/foot-loose-levottomat-jalat\/","title":{"rendered":"Foot loose &#8211; Levottomat jalat"},"content":{"rendered":"<p>Martta- mummoni on kuvassa toinen vasemmalta, muut naiset ovat h\u00e4nen ty\u00f6kavereitaan.<\/p>\n<p>T\u00e4m\u00e4 kortti l\u00f6ytyy <a href=\"https:\/\/minorpostcards.fi\/fi\/product\/ihmisia-ennen-vanhaan-people-from-the-past\/people-from-the-past-ihmisia-ennen-vanhaan\/\">&#8221;Ihmisi\u00e4 ennen vanhaan&#8221;<\/a>\u00a0-korttikirjasta, jossa on 21 korttia. Kirjan hinta on 16 euroa.<\/p>\n<p class=\"product woocommerce add_to_cart_inline \" style=\"border:4px solid #ccc; padding: 12px;\"><del aria-hidden=\"true\"><span class=\"woocommerce-Price-amount amount\"><bdi>16.00&nbsp;<span class=\"woocommerce-Price-currencySymbol\">&euro;<\/span><\/bdi><\/span><\/del> <span class=\"screen-reader-text\">Alkuper\u00e4inen hinta oli: 16.00&nbsp;&euro;.<\/span><ins aria-hidden=\"true\"><span class=\"woocommerce-Price-amount amount\"><bdi>8.00&nbsp;<span class=\"woocommerce-Price-currencySymbol\">&euro;<\/span><\/bdi><\/span><\/ins><span class=\"screen-reader-text\">Nykyinen hinta on: 8.00&nbsp;&euro;.<\/span> <small class=\"woocommerce-price-suffix\">(ei alv. rek)<\/small><a href=\"https:\/\/minorpostcards.fi\/fi\/?post_type=product&#038;p=868\" aria-describedby=\"woocommerce_loop_add_to_cart_link_describedby_868\" data-quantity=\"1\" class=\"button product_type_simple\" data-product_id=\"868\" data-product_sku=\"K04A\" aria-label=\"Lue lis\u00e4\u00e4 &ldquo;People from the past - Ihmisi\u00e4 ennen vanhaan&rdquo; asiasta\" rel=\"nofollow\" data-success_message=\"\">Lue lis\u00e4\u00e4<\/a>\t<span id=\"woocommerce_loop_add_to_cart_link_describedby_868\" class=\"screen-reader-text\">\n\t\t\t<\/span>\n<\/p>\n<p>Klikkaamalla alla olevaa kuvaa p\u00e4\u00e4set katsomaan kaikkia korttikirjassa olevia kortteja.<\/p>\n<p><a href=\"https:\/\/minorpostcards.fi\/fi\/products\/kaikki\/korttikirjat\/ihmisia-ennen-vanhaan-people-from-the-past\"><img loading=\"lazy\" decoding=\"async\" class=\"alignnone size-medium wp-image-858\" title=\"People from the past - Ihmisi\u00e4 ennen vanhaan\" src=\"https:\/\/minorpostcards.fi\/wp-content\/uploads\/2012\/07\/People-from-the-past-Ihmisi\u00e4-ennen-vanhaan.jpg\" alt=\"\" width=\"300\" height=\"216\" srcset=\"https:\/\/minorpostcards.fi\/wp-content\/uploads\/2012\/07\/People-from-the-past-Ihmisi\u00e4-ennen-vanhaan.jpg 800w, https:\/\/minorpostcards.fi\/wp-content\/uploads\/2012\/07\/People-from-the-past-Ihmisi\u00e4-ennen-vanhaan-324x234.jpg 324w, https:\/\/minorpostcards.fi\/wp-content\/uploads\/2012\/07\/People-from-the-past-Ihmisi\u00e4-ennen-vanhaan-416x300.jpg 416w, https:\/\/minorpostcards.fi\/wp-content\/uploads\/2012\/07\/People-from-the-past-Ihmisi\u00e4-ennen-vanhaan-648x467.jpg 648w\" sizes=\"auto, (max-width: 300px) 100vw, 300px\" \/><\/a><\/p>\n","protected":false},"excerpt":{"rendered":"<p>Postikorttikirjasta &#8221;Ihmisi\u00e4 ennen vanhaan&#8221;.<\/p>\n","protected":false},"featured_media":848,"template":"","meta":[],"product_brand":[],"product_cat":[89],"product_tag":[],"class_list":{"0":"post-904","1":"product","2":"type-product","3":"status-publish","4":"has-post-thumbnail","6":"product_cat-ihmisia-ennen-vanhaan-people-from-the-past","7":"product_shipping_class-cards","9":"first","10":"instock","11":"taxable","12":"shipping-taxable","13":"product-type-simple"},"_links":{"self":[{"href":"https:\/\/minorpostcards.fi\/fi\/wp-json\/wp\/v2\/product\/904","targetHints":{"allow":["GET"]}}],"collection":[{"href":"https:\/\/minorpostcards.fi\/fi\/wp-json\/wp\/v2\/product"}],"about":[{"href":"https:\/\/minorpostcards.fi\/fi\/wp-json\/wp\/v2\/types\/product"}],"wp:featuredmedia":[{"embeddable":true,"href":"https:\/\/minorpostcards.fi\/fi\/wp-json\/wp\/v2\/media\/848"}],"wp:attachment":[{"href":"https:\/\/minorpostcards.fi\/fi\/wp-json\/wp\/v2\/media?parent=904"}],"wp:term":[{"taxonomy":"product_brand","embeddable":true,"href":"https:\/\/minorpostcards.fi\/fi\/wp-json\/wp\/v2\/product_brand?post=904"},{"taxonomy":"product_cat","embeddable":true,"href":"https:\/\/minorpostcards.fi\/fi\/wp-json\/wp\/v2\/product_cat?post=904"},{"taxonomy":"product_tag","embeddable":true,"href":"https:\/\/minorpostcards.fi\/fi\/wp-json\/wp\/v2\/product_tag?post=904"}],"curies":[{"name":"wp","href":"https:\/\/api.w.org\/{rel}","templated":true}]}}