{"id":9189,"date":"2019-05-26T19:54:23","date_gmt":"2019-05-26T19:54:24","guid":{"rendered":"https:\/\/minorpostcards.fi\/?post_type=product&#038;p=9189"},"modified":"2026-04-20T14:29:04","modified_gmt":"2026-04-20T11:29:04","slug":"kesalaitumella","status":"publish","type":"product","link":"https:\/\/minorpostcards.fi\/fi\/tuote\/kortit\/kesalaitumella\/","title":{"rendered":"Kes\u00e4laitumella"},"content":{"rendered":"<p>Vuosia mieless\u00e4 ollut ajatus voikukkapellolla olevasta traktorista toteutui vihdoin kes\u00e4ll\u00e4 2018. Ferguson Super Major kulkee kes\u00e4t talvet lumiketjut p\u00e4\u00e4ll\u00e4 kotitiell\u00e4 ja naapurin pellolla, jos Risto-pappa sen sinne kuljettaa.<\/p>\n","protected":false},"excerpt":{"rendered":"<p>Yksitt\u00e4inen postikortti.<\/p>\n","protected":false},"featured_media":9201,"template":"","meta":[],"product_brand":[],"product_cat":[19],"product_tag":[309,149,128,115],"class_list":{"0":"post-9189","1":"product","2":"type-product","3":"status-publish","4":"has-post-thumbnail","6":"product_cat-kortit","7":"product_tag-ajoneuvot-ja-liikenne","8":"product_tag-kesa","9":"product_tag-nostalgia","10":"product_tag-suomi","11":"product_shipping_class-cards","13":"first","14":"instock","15":"taxable","16":"shipping-taxable","17":"purchasable","18":"product-type-simple"},"_links":{"self":[{"href":"https:\/\/minorpostcards.fi\/fi\/wp-json\/wp\/v2\/product\/9189","targetHints":{"allow":["GET"]}}],"collection":[{"href":"https:\/\/minorpostcards.fi\/fi\/wp-json\/wp\/v2\/product"}],"about":[{"href":"https:\/\/minorpostcards.fi\/fi\/wp-json\/wp\/v2\/types\/product"}],"wp:featuredmedia":[{"embeddable":true,"href":"https:\/\/minorpostcards.fi\/fi\/wp-json\/wp\/v2\/media\/9201"}],"wp:attachment":[{"href":"https:\/\/minorpostcards.fi\/fi\/wp-json\/wp\/v2\/media?parent=9189"}],"wp:term":[{"taxonomy":"product_brand","embeddable":true,"href":"https:\/\/minorpostcards.fi\/fi\/wp-json\/wp\/v2\/product_brand?post=9189"},{"taxonomy":"product_cat","embeddable":true,"href":"https:\/\/minorpostcards.fi\/fi\/wp-json\/wp\/v2\/product_cat?post=9189"},{"taxonomy":"product_tag","embeddable":true,"href":"https:\/\/minorpostcards.fi\/fi\/wp-json\/wp\/v2\/product_tag?post=9189"}],"curies":[{"name":"wp","href":"https:\/\/api.w.org\/{rel}","templated":true}]}}