{"id":9208,"date":"2019-05-27T18:04:02","date_gmt":"2019-05-27T18:04:03","guid":{"rendered":"https:\/\/minorpostcards.fi\/?post_type=product&#038;p=9208"},"modified":"2026-02-17T09:10:51","modified_gmt":"2026-02-17T07:10:51","slug":"maakuntakukka-pohjanlumme","status":"publish","type":"product","link":"https:\/\/minorpostcards.fi\/fi\/tuote\/kortit\/maakuntakukka-pohjanlumme\/","title":{"rendered":"Maakuntakukka pohjanlumme"},"content":{"rendered":"<p>Kaikille maakunnille on valittu kukka (tai kasvi), joka edustaa alueen tyypillist\u00e4 kasvikuntaa. Ensimm\u00e4isen\u00e4 n\u00e4ist\u00e4 kasveista korttiin p\u00e4\u00e4see Etel\u00e4-Savon maakuntakukka pohjanlumme.<\/p>\n<p>Etel\u00e4-Savossa on lukemattomia matalia j\u00e4rvi\u00e4 ja lampia joissa lumme kasvaa yleisesti. Se kukkii kes\u00e4-elokuussa, sen kukat tuoksuvat kevyesti ja koko kasvi on myrkyllinen.<\/p>\n","protected":false},"excerpt":{"rendered":"<p>Yksitt\u00e4inen postikortti.<\/p>\n","protected":false},"featured_media":9203,"template":"","meta":[],"product_brand":[],"product_cat":[19],"product_tag":[139,149,330,115,122],"class_list":{"0":"post-9208","1":"product","2":"type-product","3":"status-publish","4":"has-post-thumbnail","6":"product_cat-kortit","7":"product_tag-kasvit","8":"product_tag-kesa","9":"product_tag-maakuntakasvit","10":"product_tag-suomi","11":"product_tag-tekstit","12":"product_shipping_class-cards","14":"first","15":"instock","16":"taxable","17":"shipping-taxable","18":"purchasable","19":"product-type-simple"},"_links":{"self":[{"href":"https:\/\/minorpostcards.fi\/fi\/wp-json\/wp\/v2\/product\/9208","targetHints":{"allow":["GET"]}}],"collection":[{"href":"https:\/\/minorpostcards.fi\/fi\/wp-json\/wp\/v2\/product"}],"about":[{"href":"https:\/\/minorpostcards.fi\/fi\/wp-json\/wp\/v2\/types\/product"}],"wp:featuredmedia":[{"embeddable":true,"href":"https:\/\/minorpostcards.fi\/fi\/wp-json\/wp\/v2\/media\/9203"}],"wp:attachment":[{"href":"https:\/\/minorpostcards.fi\/fi\/wp-json\/wp\/v2\/media?parent=9208"}],"wp:term":[{"taxonomy":"product_brand","embeddable":true,"href":"https:\/\/minorpostcards.fi\/fi\/wp-json\/wp\/v2\/product_brand?post=9208"},{"taxonomy":"product_cat","embeddable":true,"href":"https:\/\/minorpostcards.fi\/fi\/wp-json\/wp\/v2\/product_cat?post=9208"},{"taxonomy":"product_tag","embeddable":true,"href":"https:\/\/minorpostcards.fi\/fi\/wp-json\/wp\/v2\/product_tag?post=9208"}],"curies":[{"name":"wp","href":"https:\/\/api.w.org\/{rel}","templated":true}]}}