{"id":9212,"date":"2019-05-28T04:52:36","date_gmt":"2019-05-28T04:52:38","guid":{"rendered":"https:\/\/minorpostcards.fi\/?post_type=product&#038;p=9212"},"modified":"2025-08-13T10:54:48","modified_gmt":"2025-08-13T07:54:48","slug":"suussasulavat-lusikkaleivat","status":"publish","type":"product","link":"https:\/\/minorpostcards.fi\/fi\/tuote\/kortit\/suussasulavat-lusikkaleivat\/","title":{"rendered":"Suussasulavat lusikkaleiv\u00e4t"},"content":{"rendered":"<p>Lusikkaleiv\u00e4t on kahvip\u00f6yd\u00e4n herkku, jonka erikoisen hyv\u00e4n maun salaisuus paljastuu reseptist\u00e4: taikinaan k\u00e4ytetty voi keitet\u00e4\u00e4n ennen muiden aineiden lis\u00e4\u00e4mist\u00e4. Keksien nimi ja muoto tulee lusikasta, jota k\u00e4ytet\u00e4\u00e4n keksinpuolikkaiden muotoiluun.\u00a0Perinteisesti niiden v\u00e4liss\u00e4 on vadelmamarmeladia, mutta\u00a0 tietysti voi k\u00e4ytt\u00e4\u00e4 mit\u00e4 tahansa itselle maistuvaa t\u00e4ytett\u00e4. Lusikkaleipien tekeminen ei ole vaikeaa vaikka se viekin hieman enemm\u00e4n aikaa. Keksit voi tehd\u00e4 hyviss\u00e4 ajoin ennen juhlaa, koska ne s\u00e4ilyv\u00e4t hyvin pakastimessa &#8211; jos s\u00e4ilyv\u00e4t&#8230;<\/p>\n","protected":false},"excerpt":{"rendered":"<p>Yksitt\u00e4inen postikortti.<\/p>\n","protected":false},"featured_media":9193,"template":"","meta":[],"product_brand":[],"product_cat":[19],"product_tag":[194,137,115,122],"class_list":{"0":"post-9212","1":"product","2":"type-product","3":"status-publish","4":"has-post-thumbnail","6":"product_cat-kortit","7":"product_tag-reseptit","8":"product_tag-ruoka","9":"product_tag-suomi","10":"product_tag-tekstit","11":"product_shipping_class-cards","13":"first","14":"outofstock","15":"taxable","16":"shipping-taxable","17":"purchasable","18":"product-type-simple"},"_links":{"self":[{"href":"https:\/\/minorpostcards.fi\/fi\/wp-json\/wp\/v2\/product\/9212","targetHints":{"allow":["GET"]}}],"collection":[{"href":"https:\/\/minorpostcards.fi\/fi\/wp-json\/wp\/v2\/product"}],"about":[{"href":"https:\/\/minorpostcards.fi\/fi\/wp-json\/wp\/v2\/types\/product"}],"wp:featuredmedia":[{"embeddable":true,"href":"https:\/\/minorpostcards.fi\/fi\/wp-json\/wp\/v2\/media\/9193"}],"wp:attachment":[{"href":"https:\/\/minorpostcards.fi\/fi\/wp-json\/wp\/v2\/media?parent=9212"}],"wp:term":[{"taxonomy":"product_brand","embeddable":true,"href":"https:\/\/minorpostcards.fi\/fi\/wp-json\/wp\/v2\/product_brand?post=9212"},{"taxonomy":"product_cat","embeddable":true,"href":"https:\/\/minorpostcards.fi\/fi\/wp-json\/wp\/v2\/product_cat?post=9212"},{"taxonomy":"product_tag","embeddable":true,"href":"https:\/\/minorpostcards.fi\/fi\/wp-json\/wp\/v2\/product_tag?post=9212"}],"curies":[{"name":"wp","href":"https:\/\/api.w.org\/{rel}","templated":true}]}}