{"id":9726,"date":"2019-08-21T17:44:23","date_gmt":"2019-08-21T17:44:23","guid":{"rendered":"https:\/\/minorpostcards.fi\/?post_type=product&#038;p=9726"},"modified":"2025-10-02T22:16:43","modified_gmt":"2025-10-02T19:16:43","slug":"tonttu-toljanteri-washi-teippi","status":"publish","type":"product","link":"https:\/\/minorpostcards.fi\/fi\/tuote\/muut\/washi-teipit\/tonttu-toljanteri-washi-teippi\/","title":{"rendered":"Tonttu &#8221;Toljanteri&#8221; washi-teippi"},"content":{"rendered":"<p>Suomen tunnetuin Joulupukin apulainen on ehk\u00e4 tonttu Toljanteri. Toljanteri on kiltti ja hyv\u00e4syd\u00e4minen tonttu ja teippi on nimetty h\u00e4nen mukaansa.<\/p>\n<p>Washiteippi on l\u00e4pikuultava, paperista tehty teippi. Teippi\u00e4 voi k\u00e4ytt\u00e4\u00e4 erilaisten vihkojen ja muistikirjojen koristelussa, siihen voi kirjoittaa ja se katkeaa helposti rep\u00e4isem\u00e4ll\u00e4. Teipin voi irrottaa, sen voi liimata uudelleen eik\u00e4 siit\u00e4 j\u00e4\u00e4 liimaj\u00e4lke\u00e4 kuten tavallisesta teipist\u00e4. Teippi kest\u00e4\u00e4 my\u00f6s postikortissa ja kirjekuoressa ja se on vedenkest\u00e4v\u00e4.<\/p>\n<div><\/div>\n<div>T\u00e4m\u00e4 teippimalli on Martin kuvittama Minor Postcardsin oma malli, jota on saatavilla vain meilt\u00e4.<\/div>\n<div><\/div>\n<div>Liima, painatus ja materiaali ovat hyv\u00e4laatuisia, teipin koko 15mm x 10m.<\/div>\n","protected":false},"excerpt":{"rendered":"<p>Rulla washiteippi\u00e4.<\/p>\n","protected":false},"featured_media":10262,"template":"","meta":[],"product_brand":[],"product_cat":[274],"product_tag":[285,276],"class_list":{"0":"post-9726","1":"product","2":"type-product","3":"status-publish","4":"has-post-thumbnail","6":"product_cat-washi-teipit","7":"product_tag-joulu","8":"product_tag-washi-fi","9":"product_shipping_class-cards","11":"first","12":"instock","13":"taxable","14":"shipping-taxable","15":"purchasable","16":"product-type-simple"},"_links":{"self":[{"href":"https:\/\/minorpostcards.fi\/fi\/wp-json\/wp\/v2\/product\/9726","targetHints":{"allow":["GET"]}}],"collection":[{"href":"https:\/\/minorpostcards.fi\/fi\/wp-json\/wp\/v2\/product"}],"about":[{"href":"https:\/\/minorpostcards.fi\/fi\/wp-json\/wp\/v2\/types\/product"}],"wp:featuredmedia":[{"embeddable":true,"href":"https:\/\/minorpostcards.fi\/fi\/wp-json\/wp\/v2\/media\/10262"}],"wp:attachment":[{"href":"https:\/\/minorpostcards.fi\/fi\/wp-json\/wp\/v2\/media?parent=9726"}],"wp:term":[{"taxonomy":"product_brand","embeddable":true,"href":"https:\/\/minorpostcards.fi\/fi\/wp-json\/wp\/v2\/product_brand?post=9726"},{"taxonomy":"product_cat","embeddable":true,"href":"https:\/\/minorpostcards.fi\/fi\/wp-json\/wp\/v2\/product_cat?post=9726"},{"taxonomy":"product_tag","embeddable":true,"href":"https:\/\/minorpostcards.fi\/fi\/wp-json\/wp\/v2\/product_tag?post=9726"}],"curies":[{"name":"wp","href":"https:\/\/api.w.org\/{rel}","templated":true}]}}